{"id":67,"date":"2026-04-19T17:33:17","date_gmt":"2026-04-19T21:33:17","guid":{"rendered":"https:\/\/liverguide.org\/connect\/"},"modified":"2026-05-04T19:33:50","modified_gmt":"2026-05-04T23:33:50","slug":"connect","status":"publish","type":"page","link":"https:\/\/liverguide.org\/es\/connect\/","title":{"rendered":"Contacto"},"content":{"rendered":"<nav style=\"--separator: &quot;\/&quot;;\" class=\"wp-block-breadcrumbs\" aria-label=\"Breadcrumbs\"><ol><li><a href=\"https:\/\/liverguide.org\/es\/\">Inicio<\/a><\/li><li><span aria-current=\"page\">Contacto<\/span><\/li><\/ol><\/nav>\n\n\n<h2 class=\"wp-block-heading\"><strong>Contacto<\/strong><\/h2>\n\n\n\n<figure class=\"wp-block-image alignleft size-full is-resized wp-duotone-000000-498e9c61-1\"><img data-recalc-dims=\"1\" loading=\"lazy\" decoding=\"async\" width=\"5760\" height=\"3840\" data-attachment-id=\"44\" data-permalink=\"https:\/\/liverguide.org\/es\/pexels-burst-374899\/\" data-orig-file=\"https:\/\/i0.wp.com\/liverguide.org\/wp-content\/uploads\/2026\/03\/pexels-burst-374899.jpg?fit=5760%2C3840&amp;ssl=1\" data-orig-size=\"5760,3840\" data-comments-opened=\"1\" data-image-meta=\"{&quot;aperture&quot;:&quot;0&quot;,&quot;credit&quot;:&quot;&quot;,&quot;camera&quot;:&quot;&quot;,&quot;caption&quot;:&quot;&quot;,&quot;created_timestamp&quot;:&quot;0&quot;,&quot;copyright&quot;:&quot;&quot;,&quot;focal_length&quot;:&quot;0&quot;,&quot;iso&quot;:&quot;0&quot;,&quot;shutter_speed&quot;:&quot;0&quot;,&quot;title&quot;:&quot;&quot;,&quot;orientation&quot;:&quot;0&quot;,&quot;alt&quot;:&quot;&quot;}\" data-image-title=\"pexels-burst-374899\" data-image-description=\"\" data-image-caption=\"\" data-large-file=\"https:\/\/i0.wp.com\/liverguide.org\/wp-content\/uploads\/2026\/03\/pexels-burst-374899.jpg?fit=1024%2C683&amp;ssl=1\" src=\"https:\/\/i0.wp.com\/liverguide.org\/wp-content\/uploads\/2026\/03\/pexels-burst-374899.jpg?resize=5760%2C3840&#038;ssl=1\" alt=\"\" class=\"wp-image-44\" style=\"width:339px;height:auto\"\/><\/figure>\n\n\n\n<p class=\"wp-block-paragraph\">Nos encantar\u00eda escucharte.<\/p>\n\n\n\n<p class=\"wp-block-paragraph\">Si ten\u00e9s alguna pregunta o quer\u00e9s compartir parte de tu experiencia como paciente o cuidador(a), pod\u00e9s escribirnos.<\/p>\n\n\n\n<blockquote class=\"wp-block-quote is-layout-flow wp-block-quote-is-layout-flow\">\n<p class=\"wp-block-paragraph\"><\/p>\n<\/blockquote>\n\n\n\n<p class=\"wp-block-paragraph\">Tu experiencia tambi\u00e9n puede ayudar a otras personas.<\/p>\n\n\n<div class=\"wp-block-jetpack-contact-form\"><a href=\"https:\/\/liverguide.org\/es\/connect\/\" target=\"_blank\" rel=\"noopener noreferrer\">Submit a form.<\/a><\/div>\n\n\n<p class=\"wp-block-paragraph\"><\/p>\n\n\n\n<div class=\"wp-block-jetpack-contact-info\">\n<div class=\"wp-block-jetpack-email\"><a href=\"mailto:stories@liverguide.org\">stories@liverguide.org<\/a><\/div>\n\n\n\n<div class=\"wp-block-jetpack-address\"><div><span class=\"jetpack-address__city\">Boston<\/span>, <span class=\"jetpack-address__region\">Massachusetts<\/span> <span class=\"jetpack-address__postal\"><\/span><\/div><div class=\"jetpack-address__country\">Estados Unidos<\/div><\/div>\n<\/div>\n\n\n\n<div class=\"wp-block-group alignfull has-contrast-color has-text-color is-vertical is-content-justification-center is-layout-flex wp-container-core-group-is-layout-fd25f571 wp-block-group-is-layout-flex\" style=\"margin-top:0;margin-bottom:0;padding-top:var(--wp--preset--spacing--60);padding-bottom:var(--wp--preset--spacing--60)\"><div style=\"margin-bottom:6px;\" class=\"aligncenter wp-block-site-logo\"><a href=\"https:\/\/liverguide.org\/es\/\" class=\"custom-logo-link\" rel=\"home\"><img loading=\"lazy\" decoding=\"async\" width=\"100\" height=\"100\" src=\"https:\/\/i0.wp.com\/liverguide.org\/wp-content\/uploads\/2026\/03\/liver-guide-logos-1080-x-1080-px.png?fit=3375%2C3375&amp;ssl=1\" class=\"custom-logo\" alt=\"Liver Guide\" data-attachment-id=\"50\" data-permalink=\"https:\/\/liverguide.org\/es\/liver-guide-logos-1080-x-1080-px\/\" data-orig-file=\"https:\/\/i0.wp.com\/liverguide.org\/wp-content\/uploads\/2026\/03\/liver-guide-logos-1080-x-1080-px.png?fit=3375%2C3375&amp;ssl=1\" data-orig-size=\"3375,3375\" data-comments-opened=\"1\" data-image-meta=\"{&quot;aperture&quot;:&quot;0&quot;,&quot;credit&quot;:&quot;&quot;,&quot;camera&quot;:&quot;&quot;,&quot;caption&quot;:&quot;&quot;,&quot;created_timestamp&quot;:&quot;0&quot;,&quot;copyright&quot;:&quot;&quot;,&quot;focal_length&quot;:&quot;0&quot;,&quot;iso&quot;:&quot;0&quot;,&quot;shutter_speed&quot;:&quot;0&quot;,&quot;title&quot;:&quot;&quot;,&quot;orientation&quot;:&quot;0&quot;,&quot;alt&quot;:&quot;&quot;}\" data-image-title=\"Liver Guide Logos (1080 x 1080 px)\" data-image-description=\"\" data-image-caption=\"\" data-large-file=\"https:\/\/i0.wp.com\/liverguide.org\/wp-content\/uploads\/2026\/03\/liver-guide-logos-1080-x-1080-px.png?fit=1024%2C1024&amp;ssl=1\" \/><\/a><\/div>\n\n\n<ul class=\"wp-block-social-links has-normal-icon-size is-style-logos-only is-nowrap is-layout-flex wp-container-core-social-links-is-layout-5636dab3 wp-block-social-links-is-layout-flex\"><\/ul>\n<\/div>\n\n\n\n<p class=\"has-text-align-center wp-block-paragraph\">                                                \u00a9 Liver Guide, 2026<\/p>\n\n\n\n<p class=\"wp-block-paragraph\"><\/p>","protected":false},"excerpt":{"rendered":"<p>Connect We\u2019d love to hear from you. If you have a question or want to share part of your experience as a patient or caregiver, you\u2019re welcome to reach out. You can write to us in English or Spanish. \u00a9 Liver Guide, 2026<\/p>","protected":false},"author":279021320,"featured_media":0,"parent":0,"menu_order":0,"comment_status":"closed","ping_status":"closed","template":"","meta":{"_crdt_document":"{\"document\":\"AACSB46M0vAaya\/6xwoAkf7l9hiwotHrFbrb86YWkf7l9hi62\/OmFpH+5fYYutvzphaR\/uX2GPrb86YWAtH+5fYYCeCWroYCAPrb86YWA5+7lvgWsKLR6xWR\/uX2GPCi0esVA9H+5fYYALrb86YWya\/6xwoAoJauhgL62\/OmFgaOjNLwGuCWroYCAbrb86YWoJauhgK62\/OmFqCWroYCutvzphbglq6GAgH62\/OmFgCglq6GAvrb86YWBsmv+scKAOCWroYCBvrb86YWHK\/J+6gT+tvzphYNr8n7qBOq+rK1C+\/J+6gTAOr6srULAOCWroYCI\/rb86YWArCi0esV+tvzphYAya\/6xwoD+tvzphYAia\/6xwqOjNLwGrrb86YWya\/6xwoA+tvzphYE78n7qBPNAaLq1MwQya\/6xwoAs5PEww3fu5b4FgC6kZmpDfrb86YWAMmv+scKA\/rb86YWAImv+scKjozS8Bq62\/OmFsmv+scKAPrb86YWBJTm24UM78n7qBMUqvqytQuvyfuoE5Tm24UM78n7qBMAlObbhQzvyfuoEwCU5tuFDK\/J+6gT1ObbhQwBr8n7qBOU5tuFDO\/J+6gTAJTm24UM78n7qBMA1ObbhQwF78n7qBMZlObbhQyvyfuoE5Tm24UMr8n7qBOU5tuFDK\/J+6gTlObbhQzvyfuoEwGU5tuFDK\/J+6gTlObbhQzvyfuoEwHU5tuFDAevyfuoE5Tm24UM78n7qBMB1ObbhQwC78n7qBMAlObbhQzvyfuoEwHU5tuFDAHvyfuoExHq+rK1CwCvyfuoE5Tm24UMr8n7qBPU5tuFDETvyfuoEx6q+rK1C+\/J+6gTGar6srUL78n7qBMBqvqytQvvyfuoEwSJr\/rHCqr6srULr8n7qBOU5tuFDK\/J+6gTlObbhQyvyfuoE5Tm24UMr8n7qBPglq6GAgOU5tuFDOCWroYCCu\/J+6gTAOCWroYCB6\/J+6gTqvqytQvglq6GAgfU5tuFDASglq6GApTm24UMoJauhgLU5tuFDACvyfuoE9Tm24UMAa\/J+6gT1ObbhQwDr8n7qBOU5tuFDO\/J+6gTBNTm24UMAq\/J+6gT1ObbhQwE78n7qBMA1ObbhQwV4JauhgIBlObbhQzglq6GAgCU5tuFDOCWroYCA6r6srULlObbhQzglq6GAjOq+rK1C+CWroYCMu\/J+6gTAJmYy8wB85PEww0A0AUaBEZUiAGEAaICQkgEAQEIAQBIsAGeL+wEAjbwMVQYAwAIAoYEQtIEBFgBAQgBAEhCoBhCxBiGAYQBmjMC6DVChi\/4KgEBCAEASPgDArQuAgEDCOQqAQIKAQNKABqcAgECCgEEShoCFLQCAQEIAQBIAgQCAQL0AYwK4A+CMAMHDAIEAwAGEAIY8gQC8CwClgdS5AsFAkpCEFQWCASWBAKIAwTeA0LgBB4BAQoGAQEIAQBIAkKKAQEBCAIEAwEIBgwDAxgCBAIFAAMCCAIyAwEWBjDuAwBIAIAEAQEIAQBIAOgFogkDAAQCCAwDAJoHAo4CAjoDADKeAgEBCAEASAoIBAMBBAMEThIDAgQCzhGWAoAQAhYDAAQCCBwDCAgDAMAElgQDAAQDARACBAMBDgMDBAIIAuoXCAEI7gUEXAK0C1LkCwUCSkIQVBYIBJYEAogDBN4DQrAXCgQQAgQDARQKxBy8GgjUFJYUBNQUhBUIxhWIFcQVAwCWEAMCBFYEGAIEBnYmzg4CTgqADswNGJYM3hCCBgEBCAEASJ4OAgbUFAKUFAMA1BTKB0wCAQiEAQ6WAt4EAoAGgBTKEqQRiAcFQtoJAwgIAwHMBqACBALcEgQCALwBlBHeDwQaAoIQGATCCQLmDbAQ3BCeEAKqCO4dlBiIAegYghn4F4YYrAPmHUKKAkqIEdgFnAWgBkIkUhhCIkKmFELaJ\/wHAQEIAQBIEL4YzhcABEQBAAQKSrgQjgGSAc4LBIwMiAEdABLuFZoDrBYCCsYVAwKKFe4PBAIBEQi0BYABPvoHqAVC5gWsCUIIQugVsAu6CwEBCAEASAASAQEIAQBIAgQKBgEBCABIABEAAQEIAQZIVpwBfIABdJIB2AGoAdwSygO0HjACCDICjgKOAQMAwhDIAZoVAQEIAQBI8gcCjgKOAQMAjASMBQMHDAIEAwAGEAISyDUCcgLFAR4BAaYDALgx7AQC7jCaEwEBmAToFpoS4A+CMAMHDAIEAwAGEAL0NI4XJAEFyg4BFLwRCgQQAgQDARQKzh2OHADKHJABAJIFphYA4hYBAboRAwIEVgQYAgQGbgYEDgQCBgTMAfoPkhTQFAKUFNIUlhTUFALIBgaWArwWAwgIAwDmEZwL\/gsEGgKCEBgEwgkCAIoDAAMAkAT8F64GAwABAJQU0hSWFNQUAqYUCBIC\/hQChhXCFQMAihXQHL4Ilh0CjgKOAQMAhwkoAKEBIQChAEEAAADBAAAAwQAAAMEAAAAEACgAhwAhACgBJwEoAScARADBAMQChAAhAKEBqAUoACEAoQFHACEAKAEnASgBJwChAkEAAADBAAAAwQAAAMEAAAChAagBhwAhACgBJwEoAScAoQGoACgFBwAoAycAKAUnAIEAAACHACEAKAAhACgAJwAoBicAAQAAAIEAAACBAAAARwAhACgAIQAnACEBKAAnAKEAqAAoBMQUhAKoASEAqAAoAKgFKACoAKEEqAKhACEBKAInAAQAJwEoBCcAKAMnACEBBwAhACgAIQAnACEBKAAnAKEAAACHACEAKAEnAQEAhACBAIQAgQCEAIEAhACBAIQAgQCEAIEAhACBAIQAgQCEAIEAhACBAIQAgQCEAIEAhACBAIQAgQCEAIEAhAAoAScAhwAhACgAIQAnACEAAAAhACgAJwCBAAAABACBAIQAgQCEAIEAhASBAIQAgQCEA0EAAABHACEAKAAhACcBIQAoACcAAQCEAIEAhACBAIQARADEA8EAxADBAIEAhAGBAIQAgQCEAYEAAADEAMEAxADBAMQAwQDEAMEAxA6EAIEAhACBAIQAgQCEAIEAhACBAYQAgQGEAYEBhACBAoQBIQyhASEAoQEhAKEAIQChBSEAoQkhAQAAwQoAAIEAAADEBMEBxATBDCEAxAfBAAAAhwAhACgAIQAnACEBKAAnAAAAwQgAAKEAqAAoACEAKAAhACgGoQBEAMQBoQCoAKcABACoAAAAoQAAAKEAAAChAAAAoQAAAKEAAAChAAAAoQAAAKEAAAChAAAAoQAAAKEAAAChAAAAoQAAAKEAAAChAAAAoQAAAKEAAAChAAAAoQAAAKEAAAChAAAAoQAAAKEAAAChAAAAoQAAAKEAAAChAAAAoQAAAKEAAAChAAAAoQAAAKEAAAChAAAAoQAAAKEAAAChAAAAoQAAAKEAAAChAAAAoQAAAKEAAAChAAAAoQAAAKEAAAChAAAAoQAAAKEAAAChAAAAoQAAAKEAAAChAAAAoQAAAKEAAAChAAAAoQAAAKEAAAChAAAAoQAAAKEAAAChAAAAoQAAAKEAAAChAAAAoQAAAKEAAAChAAAAoQAAAKEAAAChAAAApwAAAMQOwQAhAKEAqAAoAKEBIQEBAAAAgQAAAMQIwQHEAoQAIQChACgAoQAoAKEAKAChAKgAoQAoAKEAKAChACgAoQEoAKEAKACoACgAqAAoAKEAIQEAAMcAIQAoAScAKAEnAQAAAQAAAMcAKAAnACgAJwAhACgAJwAEACgAAADEAsEAxBChAKgAIQAoByEBKAgBAAAAgQAAAIEAAACBAAAAKAChASgAoQEAAKEBAADBAAAAhwAhACgBJwEoAScAhwAhACgAIQAnACEBKAAnAKEAqAAHACEAKAEnACEAKAAnAIEAAACHACEAKAEnACEAKAEhASgAIQAoAScAoQCoAKEAqAChAKgAoQCoAMQAhACBAIQAgQCEBqgAhwAhACgAIQAnACEBKAAnAAAAxAWEE6EBIQCorjfgM3N0YXRldmVyc2lvbnN0YXRldmVyc2lvbsKpIExpdmVyIEd1aWRlLCAyMDI2c3R5bGVjbGllbnRJZGlzVmFsaWRuYW1lYXR0cmlidXRlc2NvbnRlbnRkcm9wQ2FwVHJwQ29udGVudFJlc3RyaWN0aW9uaW5uZXJCbG9ja3MgICAgICAgICAgICAgICAgICAgICAgICAgICAgICAgICAgICAgICAgICAgICAgICB7InN0eWxlIjp7InR5cG9ncmFwaHkiOnsidGV4dEFsaWduIjoiY2VudGVyIn19fSAgY2xhc3M9Imhhcy10ZXh0LWFsaWduLWNlbnRlciIgICAgICAgICAgICAgICAgICAgICAgICAgICAgICAgICAgICAgICAgICAgICAgICDCqSBMaXZlciBHdWlkZSwgMjAyNgoKPCEtLSB3cDpwYXJhZ3JhcGggLS0+CjxwPjwvcD4KPCEtLSAvd3A6cGFyYWdyYXBoIC0tPnN0YXRldmVyc2lvbm9yaWdpbmFsQ29udGVudHN0YXRldmVyc2lvbmNsaWVudElkaXNWYWxpZG5hbWVhdHRyaWJ1dGVzY29udGVudGRyb3BDYXBUcnBDb250ZW50UmVzdHJpY3Rpb25pbm5lckJsb2Nrc2NsaWVudElkaXNWYWxpZG5hbWVhdHRyaWJ1dGVzY29udGVudGRyb3BDYXBUcnBDb250ZW50UmVzdHJpY3Rpb25pbm5lckJsb2Nrc3RhZ05hbWVhbGlnbnN0eWxldGV4dENvbG9ybGF5b3V0bWV0YWRhdGFjbGllbnRJZGlzVmFsaWRvcmlnaW5hbENvbnRlbnRuYW1lYXR0cmlidXRlc3dpZHRoaXNMaW5rbGlua1RhcmdldGFsaWduc3R5bGVUcnBDb250ZW50UmVzdHJpY3Rpb25pbm5lckJsb2Nrc2NsaWVudElkaXNWYWxpZG9yaWdpbmFsQ29udGVudG5hbWVhdHRyaWJ1dGVzb3BlbkluTmV3VGFic2hvd0xhYmVsc3NpemVjbGFzc05hbWVzdHlsZWxheW91dFRycENvbnRlbnRSZXN0cmljdGlvbmlubmVyQmxvY2tzY2xpZW50SWRpc1ZhbGlkbmFtZWF0dHJpYnV0ZXNjb250ZW50ZHJvcENhcFRycENvbnRlbnRSZXN0cmljdGlvbmlubmVyQmxvY2tzcHJlZmVyc1RheG9ub215c2VwYXJhdG9yc2hvd0hvbWVJdGVtc2hvd0N1cnJlbnRJdGVtc2hvd09uSG9tZVBhZ2VicmVhZGNydW1icyAvLS0+Cgo8IS0tIHdwOiEtLSB3cDpwYXJhZ3JhcGggLS0+CjxwPjxwPgo8IS0tIC93cDpwYXJhZ3JhcGggLS0+PC9ncm91IHsibWV0ZGF0YSI6eyJjYXRlZ29pZXMiOlsiZm9vdGVyIl0sInB0dGVybk5hbWUiOiJhOGMvZm9vdGVyLWNlbnRlcmVkLWxvby1zb2NpYWwtYW5kLWNlZGl0Iiwibm1lIjoiRm9vdGVyOiBDZW50ZXJlZCwgbG9nbywgc29jaWFsLCBhbmQgY3JlZGl0In0sImFsaWduIjoiZnVsbCIsInN0eWxlIjp7InNhY2luZyI6eyJibG9ja0dhcCI6InZhcjpwcmVzZXR8c3BhY2luZ3w0MCIsIm1hcmdpbiI6eyJ0b3AiOiIwIiwiYm90dG9tIjoiMCJ9LCJwYWRkaW5nIjp7InRvcCI6InZhcjpwcmVzZXR8c3BhY2luZ3w2MCIsImJvdHRvbSI6InZhcjpwcmVzZXR8c3BhY2luZ3w2MCJ9fSwiZGltZW5zaW9ucyI6eyJtaW5IZWlndCI6IiJ9fSwidGV4dENvbG9yIjoiY29udHJhc3QiLCJsYXlvdXQiOnsidHlwZSI6ImZsZXgiLCJvcmllbnRhdGlvbiI6InZlcnRpY2FsIiwianVzdGlmeUNvbnRlbnQiOiJjZW50ZXIiLCJ2ZXJ0aWNhbEFsaWdubWVudCI6ImNlbnRlciJ9fWRpdiBjbGFzcz0idy1ibG9jay1ncm91cCBhbGlnbmZ1bGwgaGFzLWNvbnRyYXN0LWNvbG9yIGhhcy10ZXh0LWNvbG9yIiBzdHlsZT0ibWFyZ2luLXRvcDowO21hcmdpbi1ib3R0b206MDtwYWRkaW5nLXRvcDp2YXIoLS13cC0tcHJlc2V0LS1zcGFjaW5nLS02MCk7cGFkZGluZy1ib3R0b206dmFyKC0td3AtLXByZXNldC0tc3BhY2luZy0tNjApIiEtLSB3cDpzaXRlLWxvZ28geyJ3aWR0aCI6MTAwLCJhbGlnbiI6ImNlbnRlciIsInN0eWxlIjp7InNwYWNpbmciOnsibWFyZ2luIjp7ImJvdHRvbSI6IjZweCJ9fX19IC0tPgoKPCEtLSB3OnNvY2lhbC1saW5rcyB7InNpemUiOiJoYXMtbm9ybWFsLWljb24tc2l6ZSIsImNsYXNzTmFtZSI6ImlzLXN0eWxlLWxvZ29zLW9ubHkiLCJzdHlsZSI6eyJzcGFjaW5nIjp7ImJsb2NrR2FwIjp7InRvcCI6IjEycHgiLCJsZWZ0IjoiMTJweCJ9fX0sImxheW91dCI6eyJ0eXBlIjoiZmxleCIsImZsZXhXcmFwIjoibm93cmFwIn19IC0tdWwgY2xhc3M9IndwLWJsb2NrLXNvY2lhbC1saW5rcyBoYXMtbm9ybWFsLWljb24tc2l6ZSBpcy1zdHlsZS1sb2dvcy1vbmx5Ij48L3VsPgo8c29jaWFsLWxpbmtzIC0tPjwvZGl2Pgo8IS0tIC93Omdyb3VwIC0tPgoKPCEtLSB3cDpwCjxwPjwvcD4KPCEtLSAvd3A6cGFyYWdyYXBoIC0tPnN0YXRldmVyc2lvbm9yaWdpbmFsQ29udGVudG9yaWdpbmFsQ29udGVudG9yaWdpbmFsQ29udGVudHN0YXRldmVyc2lvbmRvY3VtZW50ZGF0ZWRvY3VtZW50c2x1Z2RvY3VtZW50c3RhdHVzZG9jdW1lbnR0aXRsZUNvbm5lY3Rkb2N1bWVudGNvbnRlbnRkb2N1bWVudGV4Y2VycHRkb2N1bWVudGF1dGhvcmRvY3VtZW50ZmVhdHVyZWRfbWVkaWFkb2N1bWVudGNvbW1lbnRfc3RhdHVzZG9jdW1lbnRwaW5nX3N0YXR1c2RvY3VtZW50dGVtcGxhdGVkb2N1bWVudG1ldGFhZHZhbmNlZF9zZW9fZGVzY3JpcHRpb25qZXRwYWNrX3Nlb19odG1sX3RpdGxlamV0cGFja19zZW9fbm9pbmRleGZvb3Rub3Rlc2RvY3VtZW50YmxvY2tzc3RhdGVzYXZlZEF0c3RhdGVzYXZlZEJ5Y2xpZW50SWRpc1ZhbGlkbmFtZWF0dHJpYnV0ZXNjb250ZW50ZHJvcENhcFRycENvbnRlbnRSZXN0cmljdGlvbmlubmVyQmxvY2tzY2xpZW50SWRpc1ZhbGlkbmFtZWF0dHJpYnV0ZXNjb250ZW50IG92ZSB0byBoZWFyIGZybyB5b3UuZHJvcENhcFRycENvbnRlbnRSZXN0cmljdGlvbmlubmVyQmxvY2tzY2xpZW50SWRpc1ZhbGlkbmFtZWF0dHJpYnV0ZXNjb250ZW50ZHJvcENhcFRycENvbnRlbnRSZXN0cmljdGlvbmlubmVyQmxvY2tzPCEtLSB3cDphZyAtLT4KPHA+V2XigJlkIGxvdmUgdG8gaGVhciBmcm9tIHlvdS48L3A+CjwhLS0gL3dwOnBhcmFncmFwaCAtLT4KCjwhLS0gd3A6cGFyYWdyYXBoIC0tPgo8cD5JZiB5b3UgaGF2ZSBhIHF1ZXN0aW9uIG9yIHdhbnQgdG8gc2hhcmUgcGFydCBvZiB5b3VyIGV4cGVyaWVuY2UgYXMgYSBwYXRpZW50IG9yIGNhcmVnaXZlciwgeW914oCZcmUgd2VsY29tZSB0byByZWFjaCBvdXQuPC9wPgo8IS0tIC93cDpwYXJhZ3JhcGggLS0+Cgo8IS0tIHdwOnAvCgo8IS0tIHdwOnBhcmFncmFwaCAtLT4KPHA+WW91IGNhbiB3cml0ZSB0byB1cyBpbiBFbmdsaXNoIG9yIFNwYW5pc2guPC9wPgo8IS0tIC93cDpwYXJhZ3JhcGggLS0+Y2xpZW50SWRpc1ZhbGlkbmFtZWF0dHJpYnV0ZXNjb250ZW50ZHJvcENhcFRycENvbnRlbnRSZXN0cmljdGlvbmlubmVyQmxvY2tzb25ldDxzdHJvZy9zcmc+PHN0cm9uZz5Db25uZWN0PC9zdHJvbmc+PC8+CjwhLS0gL3dwOmFnIC0tPgoKPCEtLSB3cDpwYXJhZ3JhcGggLS0+CjxwPgoKPCEtLSB3cDphZ2FwcHdwYSAtLT5vcmlnaW5hbENvbnRlbnRwbGFjZWhvbGRlcmRpcmVjdGlvbmFsaWduY2xhc3NOYW1lYmFja2dyb3VuZENvbG9ydGV4dENvbG9yZ3JhZGllbnRmb250U2l6ZWZvbnRGYW1pbHlib3JkZXJDb2xvcmFuY2hvcnN0YXRldmVyc2lvbnN0YXRldmVyc2lvbnN0YXRldmVyc2lvbm9yaWdpbmFsQ29udGVudG9yaWdpbmFsQ29udGVudG9yaWdpbmFsQ29udGVudHN0YXRldmVyc2lvbnByYXJwcmFyYXBhbGlnbkNuY24+PHRvbmNsaWVudElkaXNWYWxpZG5hbWVhdHRyaWJ1dGVzY29udGVudGRyb3BDYXBUcnBDb250ZW50UmVzdHJpY3Rpb25pbm5lckJsb2Nrc2FsdGNhcHRpb25pZGxpbmt1cmxzaXplU2x1Z2xpbmtEZXN0aW5hdGlvbndpZHRoaGVpZ2h0YWxpZ25zdHlsZVdl4oCZZGxtSWYgeW91IGhhdmUgYSBxdWVzdGlvbiBvciB3YW50IHRvIHNoYXJlIHBhcnQgb2YgeW91ciBleHBlcmllbmNlIGFzIGEgcGF0aWVudCBvciBjYXJlZ2l2ZXIsIHlvdeKAmXJlIHdlbGNvbWUgdG8gcmVhY2ggb3V0LmltYWdlIHsiaWQiOjQ0LCJ3aWR0aCI6IjMzOXgiLCJoZWlnaHQiOiJ1dG8iLCJzaXplU2x1ZyI6ImZ1bGwiLCJsaW5rRGVzdGluYXRpb24iOiJub25lIiwiYWxpZ24iOiJsZWZ0Iiwic3R5bGUiOnsiY29sbyI6eyJkdW90b25lIjpbIiMwMDAwMDAiLCIjNDk4ZTljNjEiXX19fSAtLT4KPGZpZ3VyZSBjbHNzPSJ3cC1ibG9jay1pbWFlIGFsaWdubGVmdCBzaXplLWZ1bGwgaXMtZXNpemVkIj48aW1nIHNyYz0iaHR0cHM6Ly9saXZlcmd1aWRlLm9yZy93cC1jb250ZW50L3VwbG9kcy8yMDI2LzAzL2V4ZWxzLWJ1cnN0LTM3NDg5OS5qcGciIGFsdD0iIiBjbGFzcz0id3AtaW1hZ2UtNDQiIHN0eWxlPSJ3aWR0OjMzOXB4O2hlaWdodDphdXRvIi8+PC9maWd1cmU+CjwhLS0vd3A6aW1hZ2UgCiEtLSB3OnBhcmFncmFwaCAtLQo8cD5zdGF0ZXZlcnNpb25sZXZlbHZhbHVlY2l0YXRpb25oZWRpbmgyIGNsYXNzPSJ3LWJsb2NrLWhlYWRpbmciaDJoZWRpbnF1b3RlIC0tPgo8YmxvY2txdW90ZSBjbGFzcz0idy1ibG9jay1xdW90ZSI+PGJsb2NrcXVvdGU+PCEtLSAvd3A6cXVvdGUgLS0+CgoKPCEtLSB3cDpwYXJhZ3JhcGggLS0+CjxwPjwvcD4KPCEtLSAvd3A6cGFyYWdyYXBoIC0tPnN0YXRldmVyc2lvbm9yaWdpbmFsQ29udGVudG9yaWdpbmFsQ29udGVudG9yaWdpbmFsQ29udGVudG9yaWdpbmFsQ29udGVudG9yaWdpbmFsQ29udGVudG9yaWdpbmFsQ29udGVudG9yaWdpbmFsQ29udGVudG9yaWdpbmFsQ29udGVudG9yaWdpbmFsQ29udGVudG9yaWdpbmFsQ29udGVudG9yaWdpbmFsQ29udGVudHN0YXRldmVyc2lvbmNsaWVudElkaXNWYWxpZG5hbWVhdHRyaWJ1dGVzVHJwQ29udGVudFJlc3RyaWN0aW9udmFsdWVjaXRhdGlvbmlubmVyQmxvY2tzaXNWYWxpZGF0dHJpYnV0ZXNUcnBDb250ZW50UmVzdHJpY3Rpb25pbm5lckJsb2Nrc2NsaWVudElkbmFtZWNvbnRlbnRZb3UgY2FuIHdyaXRlIHRvIHVzIGluIEVuZ2xpc2ggb3IgU3BhbmlzaC5kcm9wQ2FwamV0Y2svY29udGFjdC1mb20geyJyZWYiOjIsImpldHBja0NSTSI6ZmFsc2UsInZhcmlhdGlvbk5hbWUiOiJkZWZhdWx0Iiwic2FsZXNmb3JjZURhdGEiOnsib3Jhbml6YXRpb25JZCI6IiIsInNlbmRUb1NhbGVzZm9jZSI6ZmxzZX0sIm1haWxvZXQiOnsibGlzdElkIjpudWxsLCJsaXN0TmFtZSI6bnVsbCwiZW5hYmxlZEZvckZvcm0iOmZhbHNlfSwibGF5b3V0Ijp7InR5ZSI6ImZsZXgiLCJmbGV4V3JhIjoibm9yYSIsIm9yaWVudHRpb24iOiJ2ZXRpY2wiLCJqdXN0aWZ5Q29udGVudCI6ImxlZnQiLCJ2ZXRpY2xBbGlnbm1lbnQiOiJ0byJ9fS9zdWJqZWN0dG9jdXN0b21UaGFua3lvdWN1c3RvbVRoYW5reW91SGVhZGluZ2N1c3RvbVRoYW5reW91TWVzc2FnZWN1c3RvbVRoYW5reW91UmVkaXJlY3Rjb25maXJtYXRpb25UeXBlZm9ybVRpdGxldmFyaWF0aW9uTmFtZXNhbGVzZm9yY2VEYXRhbWFpbHBvZXRob3N0aW5nZXJSZWFjaHNhdmVSZXNwb25zZXNlbWFpbE5vdGlmaWNhdGlvbnNkaXNhYmxlR29CYWNrZGlzYWJsZVN1bW1hcnlmb3JtTm90aWZpY2F0aW9uc25vdGlmaWNhdGlvblJlY2lwaWVudHN3ZWJob29rc2xheW91dGpldHBhY2tDUk1yZWZjbGllbnRJZGlzVmFsaWRuYW1lYXR0cmlidXRlc2NvbnRlbnRkcm9wQ2FwVHJwQ29udGVudFJlc3RyaWN0aW9uaW5uZXJCbG9ja3NjbGllbnRJZGlzVmFsaWRuYW1lYXR0cmlidXRlc2NvbnRlbnRkcm9wQ2FwVHJwQ29udGVudFJlc3RyaWN0aW9uaW5uZXJCbG9ja3NjbGllbnRJZGlzVmFsaWRuYW1lYXR0cmlidXRlc2VtYWlsVHJwQ29udGVudFJlc3RyaWN0aW9uaW5uZXJCbG9ja3NjbGllbnRJZGlzVmFsaWRuYW1lYXR0cmlidXRlc2FkZHJlc3NhZGRyZXNzTGluZTJhZGRyZXNzTGluZTNjaXR5cmVnaW9ucG9zdGFsY291bnRyeWxpbmtUb0dvb2dsZU1hcHNUcnBDb250ZW50UmVzdHJpY3Rpb25pbm5lckJsb2NrczEyCgo8IS0tIHdwOmpldHBhY2svY29udGFjdC1pbmZvIC0tPgo8ZGl2IGNsYXNzPSJ3cC1ibG9jay1qZXRwYWNrLWNvbnRhY3QtaW5mbyI+PCEtLSB3cDpqZXRwYWNrL2VtYWlsIHsiZW1haWwiOiJzdG9yaWVzQGxpdmVyZ3VpZGUub3JnIn0gLS0+CjxkaXYgY2xhc3M9IndwLWJsb2NrLWpldHBhY2stZW1haWwiPjxhIGhyZWY9Im1haWx0bzpzdG9yaWVzQGxpdmVyZ3VpZGUub3JnIj5zdG9yaWVzQGxpdmVyZ3VpZGUub3JnPC9hPjwvZGl2Pgo8IS0tIC93cDpqZXRwYWNrL2VtYWlsIC0tPgoKPCEtLSB3cDpqZXRwYWNrL2FkZHJlc3MgeyJjaXR5IjoiQm9zdG9uIiwiY291bnRyeSI6IlVuaXRlZCBTdGF0ZXMifSAtLT4KPGRpdiBjbGFzcz0id3AtYmxvY2stamV0cGFjay1hZGRyZXNzIj48ZGl2IGNsYXNzPSJqZXRwYWNrLWFkZHJlc3NfX2NpdHkiPkJvc3RvbjwvZGl2PjxkaXYgY2xhc3M9ImpldHBhY2stYWRkcmVzc19fY291bnRyeSI+VW5pdGVkIFN0YXRlczwvZGl2PjwvZGl2Pgo8IS0tIC93cDpqZXRwYWNrL2FkZHJlc3MgLS0+PC9kaXY+CjwhLS0gL3dwOmpldHBhY2svY29udGFjdC1pbmZvIC0tPmNsaWVudElkaXNWYWxpZG5hbWVhdHRyaWJ1dGVzY29udGVudGRyb3BDYXBUcnBDb250ZW50UmVzdHJpY3Rpb25pbm5lckJsb2Nrc3JlZ2lvbiI6Ik1hc3NhaHVzZXR0cyIsImM+PHNwYW5zcGFuPiwgPHNwYW4gY2xhc3M9ImpldHBhY2stYWRyZXNzX19yZWdvbiI+TWFzc2FjaHVzZXR0czwvc3Bhbj4gPHNwYW4gY2xhc3M9ImpldHBhY2stYWRkcmVzc19fcG9zdGFsIj48L3NwYW4+PC9kaQoKPCEtLSB3cDpwYXJhZ3JhcGggLS0+CjxwPjwvcD4KPCEtLSAvd3A6cGFyYWdyYXBoIC0tPnN0YXRldmVyc2lvbgUHBQcTBQgHBApHABULcAAegwE2BQcPBQcIBwQKRwAVCwgHBApHABULB0UACQZIAAcPBAoFBgpFABULCAcPBAoMCgQJBQYVCwgHBApHABULDwkMDw4aGRsEBg4SIg4IjAGvAogCDLcCoAELvQKRAR4VAwEbBQdPAQUHCAQIBAgGCAUHCAcIBwgGCA4IDggLSAEEGBYTCQgGBQcFBwgHBApHABULCAcECgdBAANBAwJBAwMBBxULCAcECkcAFQsIQQAGQQCtA0ECGYUBCAcECkcAFQsCQQsaC0EADkEIBEEBCkEHAw8LCQUJDwlIAAoLBgUHBQcFB08BBQdBCAVBBQIIBwQKRwAVCwMHAgQDCA8FBkUABEEAtwEbDY0BNhAZOAs+IwoBBQ0EBQdFAAgCAwsPQgADHg8LEgE2BQdPCQUHCAcEChUFCAsHChULCAQHKgcDDQoGPB4FCokBEgUCSQADHgMPAwEHAg5VABYQCQ0OCA4NEg0OERYIBgoDCAcECkcAFQsIBwQKRwAVCwgHBAoFFQsIBwQKB0wABEYABxAVCwKkBAEZAYcBJ0EAhgIIBwQKRwAVCw4LBh0KigEKQQcGAQJBAAMIAQkDBQcxAQEACQEAAAABAAA9AQAAAgEEAAABBwADAQIALwECAAIBAAAUAQAAAwEAAAoBAABWAURBAAIAQQACAEEAAgBBAABBAABBAABCAQEAQQAAQQACAEEAAEEAAgBBAABCAEEAAgBBAAACQQACAEEAAEEAAEEAAEEAAMoBQQQjASEBIgEWQQQDQRQiASEBIgEYQRuNAUEKCQEJAY8BQTgbQQECAQQGQQAMQgBBAAQZAQsYQQQ6QQEyAQIEhwEdAQhBCgIBCEEAAgQBAgEIAkEAB0EAAgEEQSYJAigNDxcPEY0BCQIBHAEIQQEHERUWAQVBAAYSDAgFASVBBAqUAgkeKSEkTgAJEUEPmAFBiQGGAUEHJQFIAAJBGQRBAwQBMkEDuwICQRUfAR4BHwEWQQQWQQIlQREHQQoVQQEOAQcBGARBBQJBAw4DAH0BGwB2AQp0eXBvZ3JhcGh5dgEJdGV4dEFsaWdudwZjZW50ZXJ4dw5jb3JlL3BhcmFncmFwaHl2AxByZXN0cmljdGlvbl90eXBldwdleGNsdWRlEnNlbGVjdGVkX2xhbmd1YWdlc3UACnBhbmVsX29wZW54CgB3JDAyMzkxNDRlLTgxMzUtNDFmMi05MzQ2LTVlODlmZTYyN2RkM3ckZjQ2N2Q3ZDgtNjAzZS00ODRkLTg4YjUtYmFkN2U4ZmI3YTRidyRlZTgxYzkyMS1kZWQ5LTRlZGEtODBiZS1kNDczZmE0NjQ2YWN3JGRiNzQ0Mzg3LTE0MTMtNDk1OS1hYjIyLWFlMWM2ODk3OWZlZXdpPHAgY2xhc3M9Imhhcy10ZXh0LWFsaWduLWNlbnRlciI+ICAgICAgICAgICAgICAgICAgICAgICAgICAgICAgICAgICAgICAgICAgICAgICAgwqkgTGl2ZXIgR3VpZGUsIDIwMjY8L3A+dyRlZDVjNjYwZS1hN2FiLTQzNmMtOTMyMS00ZDM1OTFiNDZkZTF3BzxwPjwvcD56AHh3DmNvcmUvcGFyYWdyYXBoeXYDEHJlc3RyaWN0aW9uX3R5cGV3B2V4Y2x1ZGUSc2VsZWN0ZWRfbGFuZ3VhZ2VzdQAKcGFuZWxfb3Blbnh2AwZsaXN0SWR+CGxpc3ROYW1lfg5lbmFibGVkRm9yRm9ybXl2Ag5vcmdhbml6YXRpb25JZHcAEHNlbmRUb1NhbGVzZm9yY2V5eHcOY29yZS9wYXJhZ3JhcGh5dgMQcmVzdHJpY3Rpb25fdHlwZXcHZXhjbHVkZRJzZWxlY3RlZF9sYW5ndWFnZXN1AApwYW5lbF9vcGVueHcKY29yZS9ncm91cHcDZGl2dwRmdWxsdgIHc3BhY2luZ3YDCGJsb2NrR2FwdxV2YXI6cHJlc2V0fHNwYWNpbmd8NDAGbWFyZ2ludgIDdG9wdwEwBmJvdHRvbXcBMAdwYWRkaW5ndgIDdG9wdxV2YXI6cHJlc2V0fHNwYWNpbmd8NjAGYm90dG9tdxV2YXI6cHJlc2V0fHNwYWNpbmd8NjAKZGltZW5zaW9uc3YBCW1pbkhlaWdodHcAdwhjb250cmFzdHYEBHR5cGV3BGZsZXgLb3JpZW50YXRpb253CHZlcnRpY2FsDmp1c3RpZnlDb250ZW50dwZjZW50ZXIRdmVydGljYWxBbGlnbm1lbnR3BmNlbnRlcnYDCmNhdGVnb3JpZXN1AXcGZm9vdGVyC3BhdHRlcm5OYW1ldyphOGMvZm9vdGVyLWNlbnRlcmVkLWxvZ28tc29jaWFsLWFuZC1jcmVkaXQEbmFtZXcqRm9vdGVyOiBDZW50ZXJlZCwgbG9nbywgc29jaWFsLCBhbmQgY3JlZGl0dyRkNjVjZTgzZC1hNzA5LTQyODMtYjFiOS0yMWZlZmFhMzMxN2Z4dwB3DmNvcmUvc2l0ZS1sb2dvfaQBeHcFX3NlbGZ3BmNlbnRlcnYBB3NwYWNpbmd2AQZtYXJnaW52AQZib3R0b213AzZweHYDEHJlc3RyaWN0aW9uX3R5cGV3B2V4Y2x1ZGUSc2VsZWN0ZWRfbGFuZ3VhZ2VzdQAKcGFuZWxfb3Blbnh4dxFjb3JlL3NvY2lhbC1saW5rc3l5dxRoYXMtbm9ybWFsLWljb24tc2l6ZXcTaXMtc3R5bGUtbG9nb3Mtb25seXYBB3NwYWNpbmd2AQhibG9ja0dhcHYCA3RvcHcEMTJweARsZWZ0dwQxMnB4dgIEdHlwZXcEZmxleAhmbGV4V3JhcHcGbm93cmFwdgMQcmVzdHJpY3Rpb25fdHlwZXcHZXhjbHVkZRJzZWxlY3RlZF9sYW5ndWFnZXN1AApwYW5lbF9vcGVueHh2AxByZXN0cmljdGlvbl90eXBldwdleGNsdWRlEnNlbGVjdGVkX2xhbmd1YWdlc3UACnBhbmVsX29wZW54dxBjb3JlL2JyZWFkY3J1bWJzeXcBL3h4eXtCed8YXX+wAHtB5k3O30AAABUAdyRmNWYxY2ZlNC0zZTNhLTRlM2EtOWMxNC01ZDA1MGNjNTJiMDV3AHckZWY2NzhjMTAtZjBiMi00NDEwLWE4YzItNmRmMjAxYjNjMGMzdyQwNTgyNzY4OC05MzAyLTRmYTItYjg3Zi1kYTBjNjEyODIwNTJ3JDczZmQ0Yjg2LTMwY2UtNDFkMy05NjFlLTk2ZTFjNzhhOWE3MXckNGJiMDdjZDEtMzM5OC00ZmZlLWJjMGMtNDU4NmQ5ZjdiMTRkdyQxZmYwY2NiOC0yZTZiLTRjOTUtOWU3Zi1mM2E1YjEwMDczZDR3JDNlMzkxOThjLTgyYTktNDM0Yi05NWYzLTZjOTQ3MmY3MmM1NHcHPHA+PC9wPnckMWI0ZmRlYjItZWE3YS00MzVjLTk5ZGEtOTYwY2JjOGQ3ZWQwd84BPGRpdiBjbGFzcz0id3AtYmxvY2stZ3JvdXAgYWxpZ25mdWxsIGhhcy1jb250cmFzdC1jb2xvciBoYXMtdGV4dC1jb2xvciIgc3R5bGU9Im1hcmdpbi10b3A6MDttYXJnaW4tYm90dG9tOjA7cGFkZGluZy10b3A6dmFyKC0td3AtLXByZXNldC0tc3BhY2luZy0tNjApO3BhZGRpbmctYm90dG9tOnZhcigtLXdwLS1wcmVzZXQtLXNwYWNpbmctLTYwKSI+Cgo8L2Rpdj53JGUzOGQ4OTRhLWEzN2YtNGVhOS1hYjZmLTAwZGM5NzdmY2U1Y3dQPHVsIGNsYXNzPSJ3cC1ibG9jay1zb2NpYWwtbGlua3MgaGFzLW5vcm1hbC1pY29uLXNpemUgaXMtc3R5bGUtbG9nb3Mtb25seSI+PC91bD7FAQB3EzIwMjYtMDQtMTlUMTc6MzM6MTd3B2Nvbm5lY3R3B3B1Ymxpc2h9iJyMigJ9AHcGY2xvc2VkdwZjbG9zZWR3AHcAdwB5dwB4dgMQcmVzdHJpY3Rpb25fdHlwZXcHZXhjbHVkZRJzZWxlY3RlZF9sYW5ndWFnZXN1AApwYW5lbF9vcGVueHh3DmNvcmUvcGFyYWdyYXBoeXYDEHJlc3RyaWN0aW9uX3R5cGV3B2V4Y2x1ZGUSc2VsZWN0ZWRfbGFuZ3VhZ2VzdQAKcGFuZWxfb3Blbnh4dgMQcmVzdHJpY3Rpb25fdHlwZXcHZXhjbHVkZRJzZWxlY3RlZF9sYW5ndWFnZXN1AApwYW5lbF9vcGVueHh2AxByZXN0cmljdGlvbl90eXBldwdleGNsdWRlEnNlbGVjdGVkX2xhbmd1YWdlc3UACnBhbmVsX29wZW54AwADABUA+wEAeHYDEHJlc3RyaWN0aW9uX3R5cGV3B2V4Y2x1ZGUSc2VsZWN0ZWRfbGFuZ3VhZ2VzdQAKcGFuZWxfb3Blbnh3CmNvcmUvaW1hZ2V3AH0sd0lodHRwczovL2xpdmVyZ3VpZGUub3JnL3dwLWNvbnRlbnQvdXBsb2Fkcy8yMDI2LzAzL3BleGVscy1idXJzdC0zNzQ4OTkuanBndwRmdWxsdwRub25ldwUzMzlweHcEYXV0b3cEbGVmdHYBBWNvbG9ydgEHZHVvdG9uZXUCdwcjMDAwMDAwdwkjNDk4ZTljNjF3DmNvcmUvcGFyYWdyYXBoeRsAdwxjb3JlL2hlYWRpbmd9AhoAdzo8aDIgY2xhc3M9IndwLWJsb2NrLWhlYWRpbmciPjxzdHJvbmc+Q29ubmVjdDwvc3Ryb25nPjwvaDI+d9gBPGZpZ3VyZSBjbGFzcz0id3AtYmxvY2staW1hZ2UgYWxpZ25sZWZ0IHNpemUtZnVsbCBpcy1yZXNpemVkIj48aW1nIHNyYz0iaHR0cHM6Ly9saXZlcmd1aWRlLm9yZy93cC1jb250ZW50L3VwbG9hZHMvMjAyNi8wMy9wZXhlbHMtYnVyc3QtMzc0ODk5LmpwZyIgYWx0PSIiIGNsYXNzPSJ3cC1pbWFnZS00NCIgc3R5bGU9IndpZHRoOjMzOXB4O2hlaWdodDphdXRvIi8+PC9maWd1cmU+dyQ8cD5XZeKAmWQgbG92ZSB0byBoZWFyIGZyb20geW91LjwvcD53gAE8cD5JZiB5b3UgaGF2ZSBhIHF1ZXN0aW9uIG9yIHdhbnQgdG8gc2hhcmUgcGFydCBvZiB5b3VyIGV4cGVyaWVuY2UgYXMgYSBwYXRpZW50IG9yIGNhcmVnaXZlciwgeW914oCZcmUgd2VsY29tZSB0byByZWFjaCBvdXQuPC9wPncwPGJsb2NrcXVvdGUgY2xhc3M9IndwLWJsb2NrLXF1b3RlIj48L2Jsb2NrcXVvdGU+dzE8cD5Zb3UgY2FuIHdyaXRlIHRvIHVzIGluIEVuZ2xpc2ggb3IgU3BhbmlzaC48L3A+dwB3BzxwPjwvcD53MzxkaXYgY2xhc3M9IndwLWJsb2NrLWpldHBhY2stY29udGFjdC1pbmZvIj4KCjwvZGl2PnckZGU2MzI4OTMtZTAyYS00NjM2LWI1OTYtMWEwZWEyNDViNDIzd2w8ZGl2IGNsYXNzPSJ3cC1ibG9jay1qZXRwYWNrLWVtYWlsIj48YSBocmVmPSJtYWlsdG86c3Rvcmllc0BsaXZlcmd1aWRlLm9yZyI+c3Rvcmllc0BsaXZlcmd1aWRlLm9yZzwvYT48L2Rpdj53JDA2YmNjZjgwLWU3MDEtNGE0Ni1hZDNmLWRhYmU5NDlhNjUyMHeLAjxkaXYgY2xhc3M9IndwLWJsb2NrLWpldHBhY2stYWRkcmVzcyI+PGRpdj48c3BhbiBjbGFzcz0iamV0cGFjay1hZGRyZXNzX19jaXR5Ij5Cb3N0b248L3NwYW4+LCA8c3BhbiBjbGFzcz0iamV0cGFjay1hZGRyZXNzX19yZWdpb24iPk1hc3NhY2h1c2V0dHM8L3NwYW4+IDxzcGFuIGNsYXNzPSJqZXRwYWNrLWFkZHJlc3NfX3Bvc3RhbCI+PC9zcGFuPjwvZGl2PjxkaXYgY2xhc3M9ImpldHBhY2stYWRkcmVzc19fY291bnRyeSI+VW5pdGVkIFN0YXRlczwvZGl2PjwvZGl2PsABAHh3CmNvcmUvcXVvdGV2AxByZXN0cmljdGlvbl90eXBldwdleGNsdWRlEnNlbGVjdGVkX2xhbmd1YWdlc3UACnBhbmVsX29wZW54dwB4dgMQcmVzdHJpY3Rpb25fdHlwZXcHZXhjbHVkZRJzZWxlY3RlZF9sYW5ndWFnZXN1AApwYW5lbF9vcGVueHcOY29yZS9wYXJhZ3JhcGh5dxRqZXRwYWNrL2NvbnRhY3QtZm9ybXcWYW5hbWFyZW5jb21kQGdtYWlsLmNvbXcAdxxUaGFuayB5b3UgZm9yIHlvdXIgcmVzcG9uc2UudwB3AHcEdGV4dHcAdwdkZWZhdWx0dgEJZ3JvdXBOYW1ldwB4eHl5eHUAdQB2BQR0eXBldwRmbGV4CGZsZXhXcmFwdwZub3dyYXALb3JpZW50YXRpb253CHZlcnRpY2FsDmp1c3RpZnlDb250ZW50dwRsZWZ0EXZlcnRpY2FsQWxpZ25tZW50dwN0b3B5fZQDeHcOY29yZS9wYXJhZ3JhcGh5dgMQcmVzdHJpY3Rpb25fdHlwZXcHZXhjbHVkZRJzZWxlY3RlZF9sYW5ndWFnZXN1AApwYW5lbF9vcGVueHh2AxByZXN0cmljdGlvbl90eXBldwdleGNsdWRlEnNlbGVjdGVkX2xhbmd1YWdlc3UACnBhbmVsX29wZW54dxRqZXRwYWNrL2NvbnRhY3QtaW5mb3h3DWpldHBhY2svZW1haWx2AxByZXN0cmljdGlvbl90eXBldwdleGNsdWRlEnNlbGVjdGVkX2xhbmd1YWdlc3UACnBhbmVsX29wZW54eHcPamV0cGFjay9hZGRyZXNzdwB3AHcAeXYDEHJlc3RyaWN0aW9uX3R5cGV3B2V4Y2x1ZGUSc2VsZWN0ZWRfbGFuZ3VhZ2VzdQAKcGFuZWxfb3Blbnh3FnN0b3JpZXNAbGl2ZXJndWlkZS5vcmd3AHcNVW5pdGVkIFN0YXRlc3cGQm9zdG9udw1NYXNzYWNodXNldHRzeHYDEHJlc3RyaWN0aW9uX3R5cGV3B2V4Y2x1ZGUSc2VsZWN0ZWRfbGFuZ3VhZ2VzdQAKcGFuZWxfb3BlbngDAHckMGJhMTAxZWEtMmE3ZS00YjQ3LWI5OTMtODg4OGE2OTYzMzk5dx1bTGl2ZXIgR3VpZGVdIFBhdGllbnQgU3Rvcmllcw6Ohqm4DQEBAZH\/srsMAwCBARUANwLfnYu8CwEAAvrtuZMLDQACAQAHhQEDAAcBFE0BAAEACmMBAAEAAQECALDR6PUKAwAACgQDAe\/kvdQJOQAAGAEBAAEAAQECGwEABAEBAAEDAwUBAAEAAQsBAQEBAgABAAEDARgBAAEKAxcFAAEAATsCMggAAQEBA\/YBRgEcYAgBAAEAAgACAAIAAQAGAAEBAgABAQIIGgALAAEBAQMpAAEBAQABBwECAQcCAQEGBAuitaqmCAEAAvOJ4uEGAQAC+sjM1AYBABSU8+2CBg8AhAIFAQV8CSUBAAEAAQEC6QICAAEABwAGAHrhAQEAmQNFqr3Z2gUDAAECMlMJyZf9owUKAAEBAAEAAQABAAEAAQABAQEABQGgi5eDASMABAEABzYFAC26ARoBmgIAAQAIAQl1AQEBQAEACAABAAEBAgACAAMAAgcBAAMAAgEBAAMUAQABDQEGpwIXAQOSAgABAAEBAgHGAQGZzKVmAQAA\",\"updateId\":92768299}","advanced_seo_description":"","jetpack_seo_html_title":"","jetpack_seo_noindex":false,"footnotes":""},"class_list":["post-67","page","type-page","status-publish","hentry"],"jetpack_likes_enabled":false,"jetpack_sharing_enabled":true,"jetpack_shortlink":"https:\/\/wp.me\/PhaMET-15","jetpack-related-posts":[],"_links":{"self":[{"href":"https:\/\/liverguide.org\/es\/wp-json\/wp\/v2\/pages\/67","targetHints":{"allow":["GET"]}}],"collection":[{"href":"https:\/\/liverguide.org\/es\/wp-json\/wp\/v2\/pages"}],"about":[{"href":"https:\/\/liverguide.org\/es\/wp-json\/wp\/v2\/types\/page"}],"author":[{"embeddable":true,"href":"https:\/\/liverguide.org\/es\/wp-json\/wp\/v2\/users\/279021320"}],"replies":[{"embeddable":true,"href":"https:\/\/liverguide.org\/es\/wp-json\/wp\/v2\/comments?post=67"}],"version-history":[{"count":9,"href":"https:\/\/liverguide.org\/es\/wp-json\/wp\/v2\/pages\/67\/revisions"}],"predecessor-version":[{"id":322,"href":"https:\/\/liverguide.org\/es\/wp-json\/wp\/v2\/pages\/67\/revisions\/322"}],"wp:attachment":[{"href":"https:\/\/liverguide.org\/es\/wp-json\/wp\/v2\/media?parent=67"}],"curies":[{"name":"wp","href":"https:\/\/api.w.org\/{rel}","templated":true}]}}