{"id":185,"date":"2026-05-03T18:57:43","date_gmt":"2026-05-03T22:57:43","guid":{"rendered":"https:\/\/liverguide.org\/?page_id=185"},"modified":"2026-05-04T22:14:17","modified_gmt":"2026-05-05T02:14:17","slug":"hablemos-de","status":"publish","type":"page","link":"https:\/\/liverguide.org\/es\/hablemos-de\/","title":{"rendered":"Hablemos De&#8230;"},"content":{"rendered":"<h2 class=\"wp-block-heading\"><strong>Hablemos de&#8230;<\/strong><\/h2>\n\n\n\n<details class=\"wp-block-details is-layout-flow wp-block-details-is-layout-flow\"><summary>\u00bfQu\u00e9 es el prurito en la colangitis biliar primaria?<\/summary>\n<p class=\"wp-block-paragraph\">La colangitis biliar primaria (CBP) es una enfermedad poco frecuente del h\u00edgado que, con el tiempo, puede provocar picaz\u00f3n intensa en la piel (prurito).<\/p>\n\n\n\n<p class=\"wp-block-paragraph\">Este s\u00edntoma afecta a muchos pacientes y puede ser tan intenso que interfiere con el sue\u00f1o y la vida cotidiana. Se cree que est\u00e1 relacionado con la acumulaci\u00f3n de sustancias como los \u00e1cidos biliares.<\/p>\n<\/details>\n\n\n\n\t\t<figure class=\"wp-block-jetpack-videopress jetpack-videopress-player\" style=\"\" >\n\t\t\t<div class=\"jetpack-videopress-player__wrapper\"> <iframe title=\"Reproductor de Video VideoPress\" aria-label='Reproductor de Video VideoPress' width='500' height='281' src='https:\/\/videopress.com\/embed\/2lpGegJO?cover=1&amp;autoPlay=0&amp;controls=1&amp;loop=0&amp;muted=0&amp;persistVolume=1&amp;playsinline=0&amp;preloadContent=metadata&amp;useAverageColor=1&amp;posterUrl=https%3A%2F%2Fliverguide.org%2Fwp-content%2Fuploads%2F2026%2F05%2Fposter-4.jpg&amp;hd=0' frameborder='0' allowfullscreen data-resize-to-parent=\"true\" allow='clipboard-write'><\/iframe><script src='https:\/\/v0.wordpress.com\/js\/next\/videopress-iframe.js?m=1770107250'><\/script><\/div>\n\t\t\t\n\t\t\t\n\t\t<\/figure>\n\t\t\n\n\n\n\n<div style=\"height:29px\" aria-hidden=\"true\" class=\"wp-block-spacer\"><\/div>\n\n\n\n<div class=\"wp-block-group alignfull has-contrast-color has-text-color is-vertical is-content-justification-center is-layout-flex wp-container-core-group-is-layout-fd25f571 wp-block-group-is-layout-flex\" style=\"margin-top:0;margin-bottom:0;padding-top:var(--wp--preset--spacing--60);padding-bottom:var(--wp--preset--spacing--60)\"><div style=\"margin-bottom:6px;\" class=\"aligncenter wp-block-site-logo\"><a href=\"https:\/\/liverguide.org\/es\/\" class=\"custom-logo-link\" rel=\"home\"><img loading=\"lazy\" decoding=\"async\" width=\"100\" height=\"100\" src=\"https:\/\/i0.wp.com\/liverguide.org\/wp-content\/uploads\/2026\/03\/liver-guide-logos-1080-x-1080-px.png?fit=3375%2C3375&amp;ssl=1\" class=\"custom-logo\" alt=\"Liver Guide\" data-attachment-id=\"50\" data-permalink=\"https:\/\/liverguide.org\/es\/liver-guide-logos-1080-x-1080-px\/\" data-orig-file=\"https:\/\/i0.wp.com\/liverguide.org\/wp-content\/uploads\/2026\/03\/liver-guide-logos-1080-x-1080-px.png?fit=3375%2C3375&amp;ssl=1\" data-orig-size=\"3375,3375\" data-comments-opened=\"1\" data-image-meta=\"{&quot;aperture&quot;:&quot;0&quot;,&quot;credit&quot;:&quot;&quot;,&quot;camera&quot;:&quot;&quot;,&quot;caption&quot;:&quot;&quot;,&quot;created_timestamp&quot;:&quot;0&quot;,&quot;copyright&quot;:&quot;&quot;,&quot;focal_length&quot;:&quot;0&quot;,&quot;iso&quot;:&quot;0&quot;,&quot;shutter_speed&quot;:&quot;0&quot;,&quot;title&quot;:&quot;&quot;,&quot;orientation&quot;:&quot;0&quot;,&quot;alt&quot;:&quot;&quot;}\" data-image-title=\"Liver Guide Logos (1080 x 1080 px)\" data-image-description=\"\" data-image-caption=\"\" data-large-file=\"https:\/\/i0.wp.com\/liverguide.org\/wp-content\/uploads\/2026\/03\/liver-guide-logos-1080-x-1080-px.png?fit=1024%2C1024&amp;ssl=1\" \/><\/a><\/div>\n\n\n<p class=\"has-text-align-center ai-ignore wp-block-paragraph\">\u00a9 Liver Guide, 2026<\/p>\n\n\n\n<ul class=\"wp-block-social-links has-normal-icon-size is-style-logos-only is-nowrap is-layout-flex wp-container-core-social-links-is-layout-5636dab3 wp-block-social-links-is-layout-flex\"><\/ul>\n<\/div>","protected":false},"excerpt":{"rendered":"<p>Hablemos de&#8230; \u00a9 Liver Guide, 2026<\/p>","protected":false},"author":279021320,"featured_media":0,"parent":0,"menu_order":0,"comment_status":"closed","ping_status":"closed","template":"","meta":{"_crdt_document":"{\"document\":\"AAAH5o7gggyjA6cCCB62FgMBHgIOAwAaAwAWBAMRFAQDAAQDARYBAQoCAQIKAkIASgCSAQECCgAEREq6AQIBAgoCQgBKAIQFAQIKAkIASsAHog0BAgoBAEoAFAECCgEASlIGAgEL3BIGILYRAQE4AwB8AQI0dOYRHAMApBECVAYCAAi2IgEBCAEASAASAQEIAQBIABIBAQgBAEgAEgEBCAEASP4jkCQBAQgBAEjKNQQDERQEAqJD4EOkQ9JDmEMCBAMABvQPBAKeEOYQqhABAQgBAEgCQgYCAQMIFAECCgEDSgAaAQIKAhADARACGgMABALOAQEISgCcAgECCgEEShoCAQIKAQBKABQBAgoBAEoAFAECCgEASsIDBC4ILgMC2gTgQ6RDAuJDAwGgQwIEAwAGKiieFwYgEBwDABYEAxEUBAIAAgC4RRIELgjkAwMA5EMEAwGgQwIEAwAGnQIoAycABAAnAAQAhACBAIQAgQCEAIEAhAGBAIQfJwAoBCcAKAMnAAcAKAMnAQQAKAEnAIcAKAMnACgAJwAEACgAJwAHACgDJwEEACgBJwCHACgDJwEEACgBJwCHACgDJwEoAScAhwAoAycBKAEnACEBqAEoDcQCKAOoAigEqAAoAMQDqAMoAQcAKAInACgCJwCHACgCJwAoAicAhwAoAicAKAInAIcAKAInACgCJwCHACgCJwEoAScAxBqEBqgBKACoAIcAKAInASgBJwCoACgAqAAoBQcAKAMnACgFJwCHACgDJwEEAIQKKAonAIcAKAMnACgGJwAHACgDJwAoAicAhwAoAycAKAInAIcAKAMnACgCJwBEAMQDqATEDYSPNrMzc3RhdGV2ZXJzaW9uZG9jdW1lbnRkYXRlZG9jdW1lbnRzbHVnZG9jdW1lbnRzdGF0dXNkb2N1bWVudHRpdGxlSGFibGVtb3MgRGUuLi5kb2N1bWVudGNvbnRlbnQ8IS0tIHdwOmhlYWRpbmcgLS0+CjxoMiBjbGFzcz0id3AtYmxvY2staGVhZGluZyI+PHN0cm9uZz5IYWJsZW1vcyBkZS4uLjwvc3Ryb25nPjwvaDI+CjwhLS0gL3dwOmhlYWRpbmcgLS0+Cgo8IS0tIHdwOmRldGFpbHMgLS0+CjxkZXRhaWxzIGNsYXNzPSJ3cC1ibG9jay1kZXRhaWxzIj48c3VtbWFyeT7Cv1F1w6kgZXMgZWwgcHJ1cml0byBlbiBsYSBjb2xhbmdpdGlzIGJpbGlhciBwcmltYXJpYT88L3N1bW1hcnk+PCEtLSB3cDpwYXJhZ3JhcGggLS0+CjxwPkxhIGNvbGFuZ2l0aXMgYmlsaWFyIHByaW1hcmlhIChDQlApIGVzIHVuYSBlbmZlcm1lZGFkIHBvY28gZnJlY3VlbnRlIGRlbCBow61nYWRvIHF1ZSwgY29uIGVsIHRpZW1wbywgcHVlZGUgcHJvdm9jYXIgcGljYXrDs24gaW50ZW5zYSBlbiBsYSBwaWVsIChwcnVyaXRvKS48L3A+CjwhLS0gL3dwOnBhcmFncmFwaCAtLT4KCjwhLS0gd3A6cGFyYWdyYXBoIC0tPgo8cD5Fc3RlIHPDrW50b21hIGFmZWN0YSBhIG11Y2hvcyBwYWNpZW50ZXMgeSBwdWVkZSBzZXIgdGFuIGludGVuc28gcXVlIGludGVyZmllcmUgY29uIGVsIHN1ZcOxbyB5IGxhIHZpZGEgY290aWRpYW5hLiBTZSBjcmVlIHF1ZSBlc3TDoSByZWxhY2lvbmFkbyBjb24gbGEgYWN1bXVsYWNpw7NuIGRlIHN1c3RhbmNpYXMgY29tbyBsb3Mgw6FjaWRvcyBiaWxpYXJlcy48L3A+CjwhLS0gL3dwOnBhcmFncmFwaCAtLT48L2RldGFpbHM+CjwhLS0gL3dwOmRldGFpbHMgLS0+Cgo8IS0tIHdwOnByLyAvLS0+Cgo8IS0tIHdwOnBhcmFncmFwaCAtLT4KPHA+PC9wPgo8IS0tIC93cDpwYXJhZ3JhcGggLS0+ZG9jdW1lbnRleGNlcnB0ZG9jdW1lbnRhdXRob3Jkb2N1bWVudGZlYXR1cmVkX21lZGlhZG9jdW1lbnRjb21tZW50X3N0YXR1c2RvY3VtZW50cGluZ19zdGF0dXNkb2N1bWVudHRlbXBsYXRlZG9jdW1lbnRtZXRhYWR2YW5jZWRfc2VvX2Rlc2NyaXB0aW9uamV0cGFja19zZW9faHRtbF90aXRsZWpldHBhY2tfc2VvX25vaW5kZXhmb290bm90ZXNkb2N1bWVudGJsb2Nrc2NsaWVudElkaXNWYWxpZG9yaWdpbmFsQ29udGVudG5hbWVhdHRyaWJ1dGVzY29udGVudDxzdHJvbmc+SGFibGVtb3MgZGUuLi48L3N0cm9uZz5sZXZlbFRycENvbnRlbnRSZXN0cmljdGlvbmlubmVyQmxvY2tzY2xpZW50SWRpc1ZhbGlkb3JpZ2luYWxDb250ZW50bmFtZWF0dHJpYnV0ZXNzaG93Q29udGVudHN1bW1hcnnCv1F1w6kgZXMgZWwgcHJ1cml0byBlbiBsYSBjb2xhbmdpdGlzIGJpbGlhciBwcmltYXJpYT9UcnBDb250ZW50UmVzdHJpY3Rpb25pbm5lckJsb2Nrc2NsaWVudElkaXNWYWxpZG9yaWdpbmFsQ29udGVudG5hbWVhdHRyaWJ1dGVzY29udGVudExhIGNvbGFuZ2l0aXMgYmlsaWFyIHByaW1hcmlhIChDQlApIGVzIHVuYSBlbmZlcm1lZGFkIHBvY28gZnJlY3VlbnRlIGRlbCBow61nYWRvIHF1ZSwgY29uIGVsIHRpZW1wbywgcHVlZGUgcHJvdm9jYXIgcGljYXrDs24gaW50ZW5zYSBlbiBsYSBwaWVsIChwcnVyaXRvKS5kcm9wQ2FwVHJwQ29udGVudFJlc3RyaWN0aW9uaW5uZXJCbG9ja3NjbGllbnRJZGlzVmFsaWRvcmlnaW5hbENvbnRlbnRuYW1lYXR0cmlidXRlc2NvbnRlbnRFc3RlIHPDrW50b21hIGFmZWN0YSBhIG11Y2hvcyBwYWNpZW50ZXMgeSBwdWVkZSBzZXIgdGFuIGludGVuc28gcXVlIGludGVyZmllcmUgY29uIGVsIHN1ZcOxbyB5IGxhIHZpZGEgY290aWRpYW5hLiBTZSBjcmVlIHF1ZSBlc3TDoSByZWxhY2lvbmFkbyBjb24gbGEgYWN1bXVsYWNpw7NuIGRlIHN1c3RhbmNpYXMgY29tbyBsb3Mgw6FjaWRvcyBiaWxpYXJlcy5kcm9wQ2FwVHJwQ29udGVudFJlc3RyaWN0aW9uaW5uZXJCbG9ja3NjbGllbnRJZGlzVmFsaWRvcmlnaW5hbENvbnRlbnRuYW1lYXR0cmlidXRlc2NvbnRlbnRkcm9wQ2FwVHJwQ29udGVudFJlc3RyaWN0aW9uaW5uZXJCbG9ja3NjbGllbnRJZGlzVmFsaWRvcmlnaW5hbENvbnRlbnRuYW1lYXR0cmlidXRlc2NvbnRlbnRkcm9wQ2FwVHJwQ29udGVudFJlc3RyaWN0aW9uaW5uZXJCbG9ja3NzdGF0ZXNhdmVkQXRzdGF0ZXNhdmVkQnljb250cm9sc21heFdpZHRocHJlbG9hZHNlZWtiYXJQbGF5ZWRDb2xvcnNlZWtiYXJMb2FkaW5nQ29sb3JzZWVrYmFyQ29sb3J1c2VBdmVyYWdlQ29sb3JjYWNoZUh0bWxwb3N0ZXJEYXRhdHJhY2tzcHJpdmFjeVNldHRpbmdhbGxvd0Rvd25sb2FkZGlzcGxheUVtYmVkaXNFeGFtcGxldmlkZW9lc3N2aWRlb2lkZ3VpZHNyY3Bvc3RlcnRpdGxlZGVzY3JpcHRpb25yYXRpbmdpc1ByaXZhdGVkdXJhdGlvbnZpZGVvUmF0aW97InRpdGxlIjoicHJ1cml0by1saXZlci1ndWlkZS1tcDQiLCJkZXNjcmlwdGlvbiI6IiIsImlkIjo0MTEsImd1aWQiOiIybHBHZWdKTyIsInNyYyI6Imh0dHBzOi92aWRlb3MuZmlsZXMud29yZHByZXNzLmNvbS8ybHBHZWdKTy9wcnVyaXRvbGl2ZXJndWlkZS5tcDQiLCJjYWNoZUh0bWwiOiJcdTAwM2NpZnJhbWUgdGl0bGU9XHUwMDIyVmlkZW9QcmVzcyBWaWRlbyBQbGF5ZXJcdTAwMjIgYXJpYS1sYWJlbD0nVmlkZW9QcmVzcyBWaWRlbyBQbGF5ZXInIHdpZHRoPSc2MDAnIGhlaWdodD0nMzM4JyBzcmM9J2h0dHBzOi8vdmlkZW9wcmVzcy5jb20vZW1iZWQvMmxwR2VnSk8\/Y292ZXI9MVx1MDAyNmFtcDtwb3N0ZXJVcmw9aHR0cHMlM0ElMkYlMkZsaXZlcmd1aWRlLm9yZyUyRndwLWNvbnRlbnQlMkZ1cGxvYWRzJTJGMjAyNiUyRjA1JTJGcG9zdGVyLTQuanBnXHUwMDI2YW1wO3ByZWxvYWRDb250ZW50PW1ldGFkYXRhXHUwMDI2YW1wO3VzZUF2ZXJhZ2VDb2xvcj0xXHUwMDI2YW1wO2hkPTAnIGZyYW1lYm9yZGVyPScwJyBhbGxvd2Z1bGxzY3JlZW4gZGF0YS1yZXNpemUtdG8tcGFyZW50PVx1MDAyMnRydWVcdTAwMjIgYWxsb3c9J2NsaXBib2FyZC13cml0ZSdcdTAwM2VcdTAwM2MvaWZyYW1lXHUwMDNlXHUwMDNjc2NyaXB0IHNyYz0naHR0cHM6Ly92MC53b3JkcHJlc3MuY29tL2pzL25leHQvdmlkZW9wcmVzcy1pZnJhbWUuanM\/bT0xNzcwMTA3MjUwJ1x1MDAzZVx1MDAzYy9zY3JpcHRcdTAwM2UiLCJwb3N0ZXIiOiJodHRwczovL2xpdmVyZ3VpZGUub3JnL3dwLWNvbnRlbnQvdXBsb2Fkcy8yMDI2LzA1L3Bvc3Rlci00LmpwZyIsInZpZGVvUmF0aW8iOjU2LjMzMzMzMzMzMzMzMzMzNiwidHJhY2tzIjpbeyJzcmMiOiJwcnVyaXRvLWxpdmVyLWd1aWRlX3N1YnRpdGxlc19hdXRvX2VuLnZ0dCIsImtpbmQiOiJzdWJ0aXRsZXMiLCJzcmNMYW5nIjoiYXV0b19lbiIsImxhYmVsIjoiQXV0by1HZW5lcmF0ZWQifV0sInByaXZhY3lTZXR0aW5nIjoyLCJhbGxvd0Rvd25sb2FkIjpmYWxzZSwicmF0aW5nIjoiRyIsImlzUHJpdmF0ZSI6ZmFsc2UsImR1cmF0aW9uIjo0Njk1MH0gLy0tc3R5bGVUeXBlc2l6ZWNsaWVudElkaXNWYWxpZG5hbWVhdHRyaWJ1dGVzc2VydmljZWxhYmVsVHJwQ29udGVudFJlc3RyaWN0aW9uaW5uZXJCbG9ja3NjbGllbnRJZGlzVmFsaWRuYW1lYXR0cmlidXRlc3NlcnZpY2VsYWJlbFRycENvbnRlbnRSZXN0cmljdGlvbmlubmVyQmxvY2tzY2xpZW50SWRpc1ZhbGlkbmFtZWF0dHJpYnV0ZXNzZXJ2aWNlbGFiZWxUcnBDb250ZW50UmVzdHJpY3Rpb25pbm5lckJsb2Nrc2NsaWVudElkaXNWYWxpZG5hbWVhdHRyaWJ1dGVzc2VydmljZWxhYmVsVHJwQ29udGVudFJlc3RyaWN0aW9uaW5uZXJCbG9ja3NjbGllbnRJZGlzVmFsaWRuYW1lYXR0cmlidXRlc2NvbnRlbnRkcm9wQ2FwVHJwQ29udGVudFJlc3RyaWN0aW9uaW5uZXJCbG9ja3NqZXRjay9zaGFpbmctYnV0dG9ucyAtLT4KPHVsIGNsc3M9IndwLWJsb2NrLWpldHBhY2stc2hhcmluLWJ1dHRvbnMgaGFzLW5vbWwtaWNvbi1zaXplIGpldGFjay1zYXJpbmctYnV0dG9uc19fc2VydmljZXMtbGlzdCJpZD0iamV0cGFja3NoYXJpbmdzZXJpdmNlcy1saXN0IjwhLS0gd3A6amV0cGFjay9zaGFyaW5nLWJ1dHRvbiB7InNlcnZpY2UiOiJmYWNlYm9vayIsImxhYmVsIjoiRmFjZWJvb2sifSAvLS0+CiEtLSB3OmpldHBhY2svc2hhcmluZy1idXR0b24geyJzZXJ2aWNlIjoieCIsImxhYmVsIjoiWCJ9IC8tLQoKIS0tIHdwOmpldHBhY2tzaGFyaW5nLWJ1dHRvbiB7InNlcnZpY2UiOiJsaW5rZWRpbiIsImxhYmVsIjoiTGlua2VkSW4ifSAvLS0+Cgo8IS0tIHc6amV0cGFjay9zaGFyaW5nLWJ1dHRvbiB7InNlcnZpY2UiOiJ3aGF0c2FwcCIsImxhYmVsIjoiV2hhdHNBcHAifSAvLS08L3VsPmpldGNrL3NoYWluZy1idXR0b25zIC0tPgoKPCEtLSB3cDpwcmEKPHA+PC9wPgo8IS0tIC93cDpwYXJhZ3JhcGggLS0+aGVpZ2h0Y2xpZW50SWRpc1ZhbGlkbmFtZWF0dHJpYnV0ZXNjb250ZW50ZHJvcENhcFRycENvbnRlbnRSZXN0cmljdGlvbmlubmVyQmxvY2tzb3JpZ2luYWxDb250ZW50dGFnTmFtZWFsaWduc3R5bGV0ZXh0Q29sb3JsYXlvdXRtZXRhZGF0YWNsaWVudElkaXNWYWxpZG9yaWdpbmFsQ29udGVudG5hbWVhdHRyaWJ1dGVzd2lkdGhpc0xpbmtsaW5rVGFyZ2V0YWxpZ25zdHlsZVRycENvbnRlbnRSZXN0cmljdGlvbmlubmVyQmxvY2tzY2xpZW50SWRpc1ZhbGlkb3JpZ2luYWxDb250ZW50bmFtZWF0dHJpYnV0ZXNjb250ZW50RGVzaWduZWQgd2l0aCA8YSBocmVmPSJodHRwczovL3dvcmRwcmVzcy5jb20iPldvcmRQcmVzczwvYT5kcm9wQ2FwcGxhY2Vob2xkZXJ0ZXh0Q29sb3JiYWNrZ3JvdW5kQ29sb3Jmb250U2l6ZWRpcmVjdGlvbnN0eWxlbG9ja2NsYXNzTmFtZW1ldGFkYXRhVHJwQ29udGVudFJlc3RyaWN0aW9uaW5uZXJCbG9ja3NjbGllbnRJZGlzVmFsaWRvcmlnaW5hbENvbnRlbnRuYW1lYXR0cmlidXRlc29wZW5Jbk5ld1RhYnNob3dMYWJlbHNzaXplY2xhc3NOYW1lc3R5bGVsYXlvdXRUcnBDb250ZW50UmVzdHJpY3Rpb25pbm5lckJsb2Nrc2NsaWVudElkaXNWYWxpZG9yaWdpbmFsQ29udGVudG5hbWVhdHRyaWJ1dGVzdXJsc2VydmljZVRycENvbnRlbnRSZXN0cmljdGlvbmlubmVyQmxvY2tzY2xpZW50SWRpc1ZhbGlkb3JpZ2luYWxDb250ZW50bmFtZWF0dHJpYnV0ZXN1cmxzZXJ2aWNlVHJwQ29udGVudFJlc3RyaWN0aW9uaW5uZXJCbG9ja3NjbGllbnRJZGlzVmFsaWRvcmlnaW5hbENvbnRlbnRuYW1lYXR0cmlidXRlc3VybHNlcnZpY2VUcnBDb250ZW50UmVzdHJpY3Rpb25pbm5lckJsb2Nrc8KpTHYgR3VpLCAyMDI2c2NlIHsiaGVpZ2h0IjoiMjlweCJ9IC0tPgo8ZGl2IHN0eWxlPSJoZWlnaHQ6MjlweCIgcmlhLWhpZGRlbj0idHJ1ZSIgY2xhc3M9IndwLWJsb2NrLXNwYWNlciI+PC9kaXY+CjwhLS0gL3dwOnNwYWNlciAtLT4KCjwhLS0gd3A6b3VwIHsibWV0ZGF0YSI6eyJjYXRlZ29yaWVzIjpbImZvb3RlciJdLCJhdHRlcm5OYW1lIjoiYThjL2Zvb3Rlci1jZW50ZXJlZC1sb2dvLXNvY2lhbC1hbmQtY3JlZGl0IiwibmFtZSI6IkZvb3RlcjogQ2VudGVyZWQsIGxvZ28sIHNvY2lhbCwgYW5kIGNyZWRpdCJ9LCJhbGlnbiI6ImZ1bGwiLCJzdHlsZSI6eyJzcGFjaW5nIjp7ImJsb2NrR2FwIjoidmFyOnByZXNldHxzcGFjaW5nfDQwIiwibWFyZ2luIjp7InRvcCI6IjAiLCJib3R0b20iOiIwIn0sInBhZGRpbmciOnsidG9wIjoidmFyOnByZXNldHxzcGFjaW5nfDYwIiwiYm90dG9tIjoidmFyOnByZXNldHxzcGFjaW5nfDYwIn19LCJkaW1lbnNpb25zIjp7Im1pbkhlaWd0IjoiIn19LCJ0ZXh0Q29sb3IiOiJjb250cmFzdCIsImxheW91dCI6eyJ0eXBlIjoiZmxleCIsIm9yaWVudGF0aW9uIjoidmVydGljYWwiLCJqdXN0aWZ5Q29udGVudCI6ImNlbnRlciIsInZlcnRpY2FsQWxpZ25tZW50IjoiY2VudGVyIn19ZGl2IGNsYXNzPSJ3LWJsb2NrLWdyb3VwIGFsaWduZnVsbCBoYXMtY29udHJhc3QtY29sb3IgaGFzLXRleHQtY29sb3IiIHN0eWxlPSJtYXJnaW4tdG9wOjA7bWFyZ2luLWJvdHRvbTowO3BhZGRpbmctdG9wOnZhcigtLXdwLS1wcmVzZXQtLXNwYWNpbmctLTYwKTtwYWRkaW5nLWJvdHRvbTp2YXIoLS13cC0tcHJlc2V0LS1zcGFjaW5nLS02MCkiIS0tIHdwOnNpdGUtbG9nbyB7IndpZHRoIjoxMDAsImFsaWduIjoiY2VudGVyIiwic3R5bGUiOnsic3BhY2luZyI6eyJtYXJnaW4iOnsiYm90dG9tIjoiNnB4In19fX0gLS0+Cgo8IS0tIHc6cGFyYWdyYXBoIHsiY2xhc3NOYW1lIjoiYWktaWdub3JlIiwic3R5bGUiOnsidHlwb2dyYXBoeSI6eyJ0ZXh0QWxpZ24iOiJjZW50ZXIifX19IC0tcCBjbGFzcz0iaGFzLXRleHQtYWxpZ24tY2VudGVyIGFpLWlnbm9yZSI+wqkgTGl2ZXIgR3VpZGUsIDIwMjY8L3A+CjwKCjwhLS0gd3A6c29jaWFsLWxpbmtzIHsic2l6ZSI6Imhhcy1ub3JtYWwtaWNvbi1zaXplIiwiY2xhc3NOYW1lIjoiaXMtc3R5bGUtbG9nb3Mtb25seSIsInN0eWxlIjp7InNwYWNpbmciOnsiYmxvY2tHYXAiOnsidG9wIjoiMTJweCIsImxlZnQiOiIxMnB4In19fSwibGF5b3V0Ijp7InR5cGUiOiJmbGV4IiwiZmxleFdyYXAiOiJub3dyYXAifX0gLS0+Cjx1bCBjbGFzcz0id3AtYmxvY2stc29jaWFsLWxpbmtzIGhhcy1ub3JtYWwtaWNvbi1zaXplIGlzLXN0eWxlLWxvZ29zLW9ubHkiPjwvdWw+CjwhLS0gL3dwOnNvY2lhbC1saW5rcyAtLT48L2Rpdj4KPCEtLSAvd3A6Z3JvdXAgLS0+BQcIBAgECAYIBQ4IB5sLQQULAkERCgJBAAJBAQQIBwgGCA4IDggLSAEEGBYTCQgGCAcPBAoHHwUVCwgHDwQKCwc0FQsIBw8ECgeYAgcVCwgHDwQKB4cDBxULCAcPBApHABULCAcPBApHABULBQcFB0gABxITDA8JCgYODQwJBQMFAgQDBgULBgkICpwBLAWaDgkECAcECgcFFQsIBwQKBwUVCwgHBAoHBRULCAcECgcFFQsIBwQKRwAVCwMGFhsPAQ8FHQsHDo0BAQU3Ag7FAQAFAwYZQQECAQJBAAMVBggHBApHABULDwdFAAkGSAAHDwQKBQYKRQAVCwgHDwQKBwhBAQgBDUEAAgEVBwsJDwgJBQQJCBULCAcPBAoMCgQJBQYVCwgHDwQKAwcVCwgHDwQKAwcVCwgHDwQKAwcVC0EBBAYBAjCOAQkguASIAgy3AqABC5UBgwGLBRMBBAAAAQAAAAEGAAMBAAA7AQEAQ0IBAQBBAAIAQQACAEEAAgBBAAIAQQACAEEAAgBBAABBAABBAABBAABBAAIAQQACAEEAAEEAAgBBAABBAABBAABBAAAIQQMPBw1BvgEBgAMAfQF3EzIwMjYtMDUtMDNUMTg6NTc6NDN3C2hhYmxlbW9zLWRldwdwdWJsaXNofYicjIoCfQB3BmNsb3NlZHcGY2xvc2VkdwB3AHcAeXcAdyRiMzhlMjA3OS1lZTFlLTQyMmYtYjQwNS1lZjAxYjZjOGExNGJ4d0E8aDIgY2xhc3M9IndwLWJsb2NrLWhlYWRpbmciPjxzdHJvbmc+SGFibGVtb3MgZGUuLi48L3N0cm9uZz48L2gyPncMY29yZS9oZWFkaW5nfQJ2AxByZXN0cmljdGlvbl90eXBldwdleGNsdWRlEnNlbGVjdGVkX2xhbmd1YWdlc3UACnBhbmVsX29wZW54dyQ0MTY5NzQ2MS00MGUwLTRjYmEtYjk5Yy02ZTE1NGMyNThhYjF4d3c8ZGV0YWlscyBjbGFzcz0id3AtYmxvY2stZGV0YWlscyI+PHN1bW1hcnk+wr9RdcOpIGVzIGVsIHBydXJpdG8gZW4gbGEgY29sYW5naXRpcyBiaWxpYXIgcHJpbWFyaWE\/PC9zdW1tYXJ5PgoKPC9kZXRhaWxzPncMY29yZS9kZXRhaWxzeXYDEHJlc3RyaWN0aW9uX3R5cGV3B2V4Y2x1ZGUSc2VsZWN0ZWRfbGFuZ3VhZ2VzdQAKcGFuZWxfb3Blbnh3JGY3OThhM2NiLTY5YjQtNDUzYS04M2I3LTg5NWNiYmZkMTliMnh3oQE8cD5MYSBjb2xhbmdpdGlzIGJpbGlhciBwcmltYXJpYSAoQ0JQKSBlcyB1bmEgZW5mZXJtZWRhZCBwb2NvIGZyZWN1ZW50ZSBkZWwgaMOtZ2FkbyBxdWUsIGNvbiBlbCB0aWVtcG8sIHB1ZWRlIHByb3ZvY2FyIHBpY2F6w7NuIGludGVuc2EgZW4gbGEgcGllbCAocHJ1cml0bykuPC9wPncOY29yZS9wYXJhZ3JhcGh5dgMQcmVzdHJpY3Rpb25fdHlwZXcHZXhjbHVkZRJzZWxlY3RlZF9sYW5ndWFnZXN1AApwYW5lbF9vcGVueHckOTFiNzE0ZmItMTRlZC00NjJhLWJhNzgtMTdhMjgxNGQ3YTk5eHfTATxwPkVzdGUgc8OtbnRvbWEgYWZlY3RhIGEgbXVjaG9zIHBhY2llbnRlcyB5IHB1ZWRlIHNlciB0YW4gaW50ZW5zbyBxdWUgaW50ZXJmaWVyZSBjb24gZWwgc3Vlw7FvIHkgbGEgdmlkYSBjb3RpZGlhbmEuIFNlIGNyZWUgcXVlIGVzdMOhIHJlbGFjaW9uYWRvIGNvbiBsYSBhY3VtdWxhY2nDs24gZGUgc3VzdGFuY2lhcyBjb21vIGxvcyDDoWNpZG9zIGJpbGlhcmVzLjwvcD53DmNvcmUvcGFyYWdyYXBoeXYDEHJlc3RyaWN0aW9uX3R5cGV3B2V4Y2x1ZGUSc2VsZWN0ZWRfbGFuZ3VhZ2VzdQAKcGFuZWxfb3Blbnh3JDZkYzI4MzkzLWRjNjMtNGQwOC1iZTk2LTgwZWI0MTc2MGI4M3h3BzxwPjwvcD53DmNvcmUvcGFyYWdyYXBoeXYDEHJlc3RyaWN0aW9uX3R5cGV3B2V4Y2x1ZGUSc2VsZWN0ZWRfbGFuZ3VhZ2VzdQAKcGFuZWxfb3Blbnh3JGE5ODhmN2NiLWUwN2QtNDEyMi04MzU2LThmNzk0ZDRhZDA1Y3h3BzxwPjwvcD53DmNvcmUvcGFyYWdyYXBoeXYDEHJlc3RyaWN0aW9uX3R5cGV3B2V4Y2x1ZGUSc2VsZWN0ZWRfbGFuZ3VhZ2VzdQAKcGFuZWxfb3Blbnh3JGZhYmIwNmIyLTk1MGMtNGIxYS04MGJkLTc3MTBjODRlYzIzN3cQdmlkZW9wcmVzcy92aWRlb3h3BDEwMCV3CG1ldGFkYXRhdwB3AHcAeHcAdgB1AH0BeHh5fZsGdwgybHBHZWdKT3dDaHR0cHM6Ly92aWRlb3MuZmlsZXMud29yZHByZXNzLmNvbS8ybHBHZWdKTy9wcnVyaXRvLWxpdmVyLWd1aWRlLm1wNHc+aHR0cHM6Ly9saXZlcmd1aWRlLm9yZy93cC1jb250ZW50L3VwbG9hZHMvMjAyNi8wNS9wb3N0ZXItNC5qcGd1AXYEA3NyY3cpcHJ1cml0by1saXZlci1ndWlkZV9zdWJ0aXRsZXNfYXV0b19lbi52dHQEa2luZHcJc3VidGl0bGVzB3NyY0xhbmd3B2F1dG9fZW4FbGFiZWx3DkF1dG8tR2VuZXJhdGVkfQJ5dxdwcnVyaXRvLWxpdmVyLWd1aWRlLW1wNHcAdwFHeX2m3QV36gM8aWZyYW1lIHRpdGxlPSJWaWRlb1ByZXNzIFZpZGVvIFBsYXllciIgYXJpYS1sYWJlbD0nVmlkZW9QcmVzcyBWaWRlbyBQbGF5ZXInIHdpZHRoPSc2MDAnIGhlaWdodD0nMzM4JyBzcmM9J2h0dHBzOi8vdmlkZW9wcmVzcy5jb20vZW1iZWQvMmxwR2VnSk8\/Y292ZXI9MSZhbXA7cG9zdGVyVXJsPWh0dHBzJTNBJTJGJTJGbGl2ZXJndWlkZS5vcmclMkZ3cC1jb250ZW50JTJGdXBsb2FkcyUyRjIwMjYlMkYwNSUyRnBvc3Rlci00LmpwZyZhbXA7cHJlbG9hZENvbnRlbnQ9bWV0YWRhdGEmYW1wO3VzZUF2ZXJhZ2VDb2xvcj0xJmFtcDtoZD0wJyBmcmFtZWJvcmRlcj0nMCcgYWxsb3dmdWxsc2NyZWVuIGRhdGEtcmVzaXplLXRvLXBhcmVudD0idHJ1ZSIgYWxsb3c9J2NsaXBib2FyZC13cml0ZSc+PC9pZnJhbWU+PHNjcmlwdCBzcmM9J2h0dHBzOi8vdjAud29yZHByZXNzLmNvbS9qcy9uZXh0L3ZpZGVvcHJlc3MtaWZyYW1lLmpzP209MTc3MDEwNzI1MCc+PC9zY3JpcHQ+e0BMKqqqqqqre0J5316PuzAAfaaO4IIMdyQ4ZDY0MjJlYS0yNmI4LTQyMjQtYWIzZi0xMzhlNDEwMTY3Y2R3F2pldHBhY2svc2hhcmluZy1idXR0b25zdwlpY29uLXRleHR3FGhhcy1ub3JtYWwtaWNvbi1zaXpldyRlMzI0YzM4Mi1hODM0LTRjZTgtOWM4Yi00NzA3N2NlYjhhM2V4dxZqZXRwYWNrL3NoYXJpbmctYnV0dG9udwhmYWNlYm9va3cIRmFjZWJvb2t2AxByZXN0cmljdGlvbl90eXBldwdleGNsdWRlEnNlbGVjdGVkX2xhbmd1YWdlc3UACnBhbmVsX29wZW54dyQxYzNiMzg3YS04ZjJjLTQxOWEtYmMxYy05ZDYxZmUyZWM1NGN4dxZqZXRwYWNrL3NoYXJpbmctYnV0dG9udwF4dwFYdgMQcmVzdHJpY3Rpb25fdHlwZXcHZXhjbHVkZRJzZWxlY3RlZF9sYW5ndWFnZXN1AApwYW5lbF9vcGVueHckNGFlYTNhMmMtN2YyZi00MmI2LWJhYmQtMmY3NzNlZjJlZWRkeHcWamV0cGFjay9zaGFyaW5nLWJ1dHRvbncIbGlua2VkaW53CExpbmtlZEludgMQcmVzdHJpY3Rpb25fdHlwZXcHZXhjbHVkZRJzZWxlY3RlZF9sYW5ndWFnZXN1AApwYW5lbF9vcGVueHckY2EwZDI3NTQtODk1MC00NmZjLWE2NWUtYTYzMGVhMGNmYWMxeHcWamV0cGFjay9zaGFyaW5nLWJ1dHRvbncId2hhdHNhcHB3CFdoYXRzQXBwdgMQcmVzdHJpY3Rpb25fdHlwZXcHZXhjbHVkZRJzZWxlY3RlZF9sYW5ndWFnZXN1AApwYW5lbF9vcGVueHckOTU4YWEwNWEtMzgyNy00ZmU3LThiMDctYTViOWY1N2MzNDhieHcOY29yZS9wYXJhZ3JhcGh5dgMQcmVzdHJpY3Rpb25fdHlwZXcHZXhjbHVkZRJzZWxlY3RlZF9sYW5ndWFnZXN1AApwYW5lbF9vcGVueHckMDllYTQ3ZDQtNjhmYS00NzI2LTkzMzEtODU2MThmYjM2YjM0dwtjb3JlL3NwYWNlcncFMTAwcHh3BDI5cHh3JDMzMmYwMzU4LTk0M2YtNDRjOS04M2I3LTRmZGEwZTZlOTBmOXh3DmNvcmUvcGFyYWdyYXBoeXYDEHJlc3RyaWN0aW9uX3R5cGV3B2V4Y2x1ZGUSc2VsZWN0ZWRfbGFuZ3VhZ2VzdQAKcGFuZWxfb3Blbnh3JDE4ZmU0ZTUwLTc2Y2MtNDk2Ny1iMDM2LTJmNGY5NTMyOGJlMHfQATxkaXYgY2xhc3M9IndwLWJsb2NrLWdyb3VwIGFsaWduZnVsbCBoYXMtY29udHJhc3QtY29sb3IgaGFzLXRleHQtY29sb3IiIHN0eWxlPSJtYXJnaW4tdG9wOjA7bWFyZ2luLWJvdHRvbTowO3BhZGRpbmctdG9wOnZhcigtLXdwLS1wcmVzZXQtLXNwYWNpbmctLTYwKTtwYWRkaW5nLWJvdHRvbTp2YXIoLS13cC0tcHJlc2V0LS1zcGFjaW5nLS02MCkiPgoKCgo8L2Rpdj53CmNvcmUvZ3JvdXB3A2RpdncEZnVsbHYCB3NwYWNpbmd2AwhibG9ja0dhcHcVdmFyOnByZXNldHxzcGFjaW5nfDQwBm1hcmdpbnYCA3RvcHcBMAZib3R0b213ATAHcGFkZGluZ3YCA3RvcHcVdmFyOnByZXNldHxzcGFjaW5nfDYwBmJvdHRvbXcVdmFyOnByZXNldHxzcGFjaW5nfDYwCmRpbWVuc2lvbnN2AQltaW5IZWlnaHR3AHcIY29udHJhc3R2BAR0eXBldwRmbGV4C29yaWVudGF0aW9udwh2ZXJ0aWNhbA5qdXN0aWZ5Q29udGVudHcGY2VudGVyEXZlcnRpY2FsQWxpZ25tZW50dwZjZW50ZXJ2AwpjYXRlZ29yaWVzdQF3BmZvb3RlcgtwYXR0ZXJuTmFtZXcqYThjL2Zvb3Rlci1jZW50ZXJlZC1sb2dvLXNvY2lhbC1hbmQtY3JlZGl0BG5hbWV3KkZvb3RlcjogQ2VudGVyZWQsIGxvZ28sIHNvY2lhbCwgYW5kIGNyZWRpdHckMzBiNjFiOTYtMGI1Mi00OTFhLTk0YTctZGI1NjkwN2UwZDg4eHcAdw5jb3JlL3NpdGUtbG9nb32kAXh3BV9zZWxmdwZjZW50ZXJ2AQdzcGFjaW5ndgEGbWFyZ2ludgEGYm90dG9tdwM2cHh2AxByZXN0cmljdGlvbl90eXBldwdleGNsdWRlEnNlbGVjdGVkX2xhbmd1YWdlc3UACnBhbmVsX29wZW54dyQ0M2JhZDAzYS1iZWMwLTRmMDYtOGJkYS02MzYwZWFhNTdjOWN4d2o8cCBjbGFzcz0iaGFzLXRleHQtYWxpZ24tY2VudGVyIGFpLWlnbm9yZSI+RGVzaWduZWQgd2l0aCA8YSBocmVmPSJodHRwczovL3dvcmRwcmVzcy5jb20iPldvcmRQcmVzczwvYT48L3A+dw5jb3JlL3BhcmFncmFwaHl\/f39\/f3YBCnR5cG9ncmFwaHl2AQl0ZXh0QWxpZ253BmNlbnRlcn93CWFpLWlnbm9yZX92AxByZXN0cmljdGlvbl90eXBldwdleGNsdWRlEnNlbGVjdGVkX2xhbmd1YWdlc3UACnBhbmVsX29wZW54dyRhNWZmZDdhZS0zZGJlLTQxMzQtODdiOC0yMTU3NjI3MTJkMTZ4d1Q8dWwgY2xhc3M9IndwLWJsb2NrLXNvY2lhbC1saW5rcyBoYXMtbm9ybWFsLWljb24tc2l6ZSBpcy1zdHlsZS1sb2dvcy1vbmx5Ij4KCgoKPC91bD53EWNvcmUvc29jaWFsLWxpbmtzeXl3FGhhcy1ub3JtYWwtaWNvbi1zaXpldxNpcy1zdHlsZS1sb2dvcy1vbmx5dgEHc3BhY2luZ3YBCGJsb2NrR2FwdgIDdG9wdwQxMnB4BGxlZnR3BDEycHh2AgR0eXBldwRmbGV4CGZsZXhXcmFwdwZub3dyYXB2AxByZXN0cmljdGlvbl90eXBldwdleGNsdWRlEnNlbGVjdGVkX2xhbmd1YWdlc3UACnBhbmVsX29wZW54dyQ5NTlkM2M4OC1jZmIxLTQ2ODEtOGM3Ni1hZjlhOTVkZTgwNWF4dwB3EGNvcmUvc29jaWFsLWxpbmt3ASN3CGZhY2Vib29rdgMQcmVzdHJpY3Rpb25fdHlwZXcHZXhjbHVkZRJzZWxlY3RlZF9sYW5ndWFnZXN1AApwYW5lbF9vcGVueHckMmYwMzQ4ZGYtNWZkYy00NmNlLWExMzktMWJmOWNiNjU4NmE5eHcAdxBjb3JlL3NvY2lhbC1saW5rdwEjdwd0d2l0dGVydgMQcmVzdHJpY3Rpb25fdHlwZXcHZXhjbHVkZRJzZWxlY3RlZF9sYW5ndWFnZXN1AApwYW5lbF9vcGVueHckMTFmOTU1NjMtMjcyZC00OGQxLWJhZGQtNTc2OTJkM2VmY2FjeHcAdxBjb3JlL3NvY2lhbC1saW5rdwEjdwl3b3JkcHJlc3N2AxByZXN0cmljdGlvbl90eXBldwdleGNsdWRlEnNlbGVjdGVkX2xhbmd1YWdlc3UACnBhbmVsX29wZW54f39\/f38BpoewgQYc8AUAAQ4BBgIMoAQAAQEBAQMAAQEBAQIBCQABAu8IAAEAAQGMBAACAAEAAQEfBwEAAQcBDAIBARQBBBQd\",\"updateId\":163026137}","advanced_seo_description":"","jetpack_seo_html_title":"","jetpack_seo_noindex":false,"footnotes":""},"class_list":["post-185","page","type-page","status-publish","hentry"],"jetpack_likes_enabled":true,"jetpack_sharing_enabled":true,"jetpack_shortlink":"https:\/\/wp.me\/PhaMET-2Z","jetpack-related-posts":[],"_links":{"self":[{"href":"https:\/\/liverguide.org\/es\/wp-json\/wp\/v2\/pages\/185","targetHints":{"allow":["GET"]}}],"collection":[{"href":"https:\/\/liverguide.org\/es\/wp-json\/wp\/v2\/pages"}],"about":[{"href":"https:\/\/liverguide.org\/es\/wp-json\/wp\/v2\/types\/page"}],"author":[{"embeddable":true,"href":"https:\/\/liverguide.org\/es\/wp-json\/wp\/v2\/users\/279021320"}],"replies":[{"embeddable":true,"href":"https:\/\/liverguide.org\/es\/wp-json\/wp\/v2\/comments?post=185"}],"version-history":[{"count":5,"href":"https:\/\/liverguide.org\/es\/wp-json\/wp\/v2\/pages\/185\/revisions"}],"predecessor-version":[{"id":417,"href":"https:\/\/liverguide.org\/es\/wp-json\/wp\/v2\/pages\/185\/revisions\/417"}],"wp:attachment":[{"href":"https:\/\/liverguide.org\/es\/wp-json\/wp\/v2\/media?parent=185"}],"curies":[{"name":"wp","href":"https:\/\/api.w.org\/{rel}","templated":true}]}}